{"id":10483,"date":"2025-09-02T14:53:35","date_gmt":"2025-09-02T12:53:35","guid":{"rendered":"https:\/\/www.pontdelarche.fr\/?page_id=10483"},"modified":"2025-12-01T15:35:25","modified_gmt":"2025-12-01T14:35:25","slug":"appel-a-candidatures-boutique-ephemere","status":"publish","type":"page","link":"https:\/\/www.pontdelarche.fr\/en\/appel-a-candidatures-boutique-ephemere\/","title":{"rendered":"Candidatures pour l&rsquo;Instant boutique \u00e0 Pont de l\u2019Arche"},"content":{"rendered":"<p>[et_pb_section fb_built=\u00a0\u00bb1&Prime; _builder_version=\u00a0\u00bb4.27.4&Prime; _module_preset=\u00a0\u00bbdefault\u00a0\u00bb global_colors_info=\u00a0\u00bb{}\u00a0\u00bb][et_pb_row admin_label=\u00a0\u00bbFil d&rsquo;Ariane\u00a0\u00bb _builder_version=\u00a0\u00bb4.27.4&Prime; _module_preset=\u00a0\u00bbdefault\u00a0\u00bb custom_margin=\u00a0\u00bb0px||0px||false|false\u00a0\u00bb custom_padding=\u00a0\u00bb0px||0px||false|false\u00a0\u00bb global_colors_info=\u00a0\u00bb{}\u00a0\u00bb][et_pb_column type=\u00a0\u00bb4_4&Prime; _builder_version=\u00a0\u00bb4.27.4&Prime; _module_preset=\u00a0\u00bbdefault\u00a0\u00bb global_colors_info=\u00a0\u00bb{}\u00a0\u00bb][dsm_breadcrumbs home_text=\u00a0\u00bbAccueil\u00a0\u00bb show_home_icon=\u00a0\u00bboff\u00a0\u00bb _builder_version=\u00a0\u00bb4.27.4&Prime; _module_preset=\u00a0\u00bbdefault\u00a0\u00bb items_text_color=\u00a0\u00bb#000000&Prime; items_font_size=\u00a0\u00bb14px\u00a0\u00bb current_text_color=\u00a0\u00bb#000000&Prime; current_font_size=\u00a0\u00bb14px\u00a0\u00bb custom_margin=\u00a0\u00bb0px||0px||true|false\u00a0\u00bb custom_padding=\u00a0\u00bb0px||0px||true|false\u00a0\u00bb global_colors_info=\u00a0\u00bb{}\u00a0\u00bb][\/dsm_breadcrumbs][\/et_pb_column][\/et_pb_row][et_pb_row _builder_version=\u00a0\u00bb4.27.4&Prime; _module_preset=\u00a0\u00bbdefault\u00a0\u00bb width=\u00a0\u00bb85%\u00a0\u00bb global_colors_info=\u00a0\u00bb{}\u00a0\u00bb][et_pb_column type=\u00a0\u00bb4_4&Prime; _builder_version=\u00a0\u00bb4.27.4&Prime; _module_preset=\u00a0\u00bbdefault\u00a0\u00bb global_colors_info=\u00a0\u00bb{}\u00a0\u00bb][et_pb_text _builder_version=\u00a0\u00bb4.27.4&Prime; _module_preset=\u00a0\u00bbdefault\u00a0\u00bb header_font=\u00a0\u00bb|700|||||||\u00a0\u00bb header_font_size=\u00a0\u00bb56px\u00a0\u00bb header_line_height=\u00a0\u00bb1.2em\u00a0\u00bb max_width=\u00a0\u00bb80%\u00a0\u00bb max_width_tablet=\u00a0\u00bb65%\u00a0\u00bb max_width_phone=\u00a0\u00bb100%\u00a0\u00bb max_width_last_edited=\u00a0\u00bbon|phone\u00a0\u00bb module_alignment=\u00a0\u00bbcenter\u00a0\u00bb header_font_size_tablet=\u00a0\u00bb56px\u00a0\u00bb header_font_size_phone=\u00a0\u00bb36px\u00a0\u00bb header_font_size_last_edited=\u00a0\u00bbon|phone\u00a0\u00bb header_line_height_tablet=\u00a0\u00bb1.2em\u00a0\u00bb header_line_height_phone=\u00a0\u00bb1.3em\u00a0\u00bb header_line_height_last_edited=\u00a0\u00bbon|phone\u00a0\u00bb module_alignment_last_edited=\u00a0\u00bboff|desktop\u00a0\u00bb global_colors_info=\u00a0\u00bb{}\u00a0\u00bb]<\/p>\n<h1>Exposez votre activit\u00e9, votre cr\u00e9ativit\u00e9 \u00e0 l&rsquo;Instant Boutique<\/h1>\n<p>[\/et_pb_text][et_pb_image src=\u00a0\u00bbhttps:\/\/www.pontdelarche.fr\/wp-content\/uploads\/2025\/10\/1000002722-scaled.jpg\u00a0\u00bb alt=\u00a0\u00bbBoutique \u00e9ph\u00e9m\u00e8re Pont de l&rsquo;Arche \u00a0\u00bb title_text=\u00a0\u00bb1000002722&Prime; align=\u00a0\u00bbcenter\u00a0\u00bb _builder_version=\u00a0\u00bb4.27.4&Prime; _module_preset=\u00a0\u00bbdefault\u00a0\u00bb max_width=\u00a0\u00bb75%\u00a0\u00bb border_radii=\u00a0\u00bbon|15px|15px|15px|15px\u00a0\u00bb global_colors_info=\u00a0\u00bb{}\u00a0\u00bb][\/et_pb_image][\/et_pb_column][\/et_pb_row][et_pb_row _builder_version=\u00a0\u00bb4.27.4&Prime; _module_preset=\u00a0\u00bbdefault\u00a0\u00bb width=\u00a0\u00bb85%\u00a0\u00bb global_colors_info=\u00a0\u00bb{}\u00a0\u00bb][et_pb_column type=\u00a0\u00bb4_4&Prime; _builder_version=\u00a0\u00bb4.27.4&Prime; _module_preset=\u00a0\u00bbdefault\u00a0\u00bb global_colors_info=\u00a0\u00bb{}\u00a0\u00bb][et_pb_text _builder_version=\u00a0\u00bb4.27.4&Prime; _module_preset=\u00a0\u00bbdefault\u00a0\u00bb text_line_height=\u00a0\u00bb1.8em\u00a0\u00bb header_font=\u00a0\u00bb|700|||||||\u00a0\u00bb header_font_size=\u00a0\u00bb56px\u00a0\u00bb header_line_height=\u00a0\u00bb1.2em\u00a0\u00bb max_width=\u00a0\u00bb75%\u00a0\u00bb max_width_tablet=\u00a0\u00bb55%\u00a0\u00bb max_width_phone=\u00a0\u00bb100%\u00a0\u00bb max_width_last_edited=\u00a0\u00bbon|phone\u00a0\u00bb module_alignment=\u00a0\u00bbcenter\u00a0\u00bb header_font_size_tablet=\u00a0\u00bb56px\u00a0\u00bb header_font_size_phone=\u00a0\u00bb36px\u00a0\u00bb header_font_size_last_edited=\u00a0\u00bbon|phone\u00a0\u00bb header_line_height_tablet=\u00a0\u00bb1.2em\u00a0\u00bb header_line_height_phone=\u00a0\u00bb1.3em\u00a0\u00bb header_line_height_last_edited=\u00a0\u00bbon|phone\u00a0\u00bb module_alignment_last_edited=\u00a0\u00bboff|desktop\u00a0\u00bb global_colors_info=\u00a0\u00bb{}\u00a0\u00bb]<\/p>\n<p>Vous souhaitez tester une nouvelle activit\u00e9 avant de vous lancer pour de bon ou exercer votre activit\u00e9 sur un temps limit\u00e9 ? C\u2019est le moment\u00a0!<\/p>\n<p>La Ville de Pont de l\u2019Arche lance sa boutique \u00e9ph\u00e9m\u00e8re au c\u0153ur du centre ville. Une opportunit\u00e9 unique de tester votre activit\u00e9 dans un cadre atypique, touristique, convivial et attractif toute l\u2019ann\u00e9e.<\/p>\n<ul>\n<li>Testez votre concept de 1 \u00e0 6 mois maximum<\/li>\n<li>Loyer attractif : 400 \u20ac charges comprises<\/li>\n<li>Superficie totale : (14 m2 de surface de vente + 16 m2 de surface de stockage avec sanitaires)<\/li>\n<\/ul>\n<p>Pour candidater, compl\u00e9tez le formulaire ci-dessous :<\/p>\n<p><strong>Votre candidature devra inclure\u00a0:<\/strong><\/p>\n<ul>\n<li>Une description de l\u2019activit\u00e9 que vous souhaitez tester<\/li>\n<li>Vos horaires et jours d\u2019ouverture envisag\u00e9s<\/li>\n<li>Dates envisag\u00e9es<\/li>\n<li>Type de boutique<\/li>\n<\/ul>\n<p>N\u2019attendez plus pour donner vie \u00e0 votre projet !<br \/><strong>L&rsquo;Instant Boutique<\/strong><\/p>\n<p>[\/et_pb_text][\/et_pb_column][\/et_pb_row][et_pb_row _builder_version=\u00a0\u00bb4.27.4&Prime; _module_preset=\u00a0\u00bbdefault\u00a0\u00bb width=\u00a0\u00bb85%\u00a0\u00bb global_colors_info=\u00a0\u00bb{}\u00a0\u00bb][et_pb_column type=\u00a0\u00bb4_4&Prime; _builder_version=\u00a0\u00bb4.27.4&Prime; _module_preset=\u00a0\u00bbdefault\u00a0\u00bb global_colors_info=\u00a0\u00bb{}\u00a0\u00bb][dsm_contact_form_7 cf7_library=\u00a0\u00bb10500&Prime; input_background_color=\u00a0\u00bb#FFFFFF\u00a0\u00bb file_padding=\u00a0\u00bb0px||0px||false|false\u00a0\u00bb _builder_version=\u00a0\u00bb4.27.4&Prime; _module_preset=\u00a0\u00bbdefault\u00a0\u00bb custom_button_one=\u00a0\u00bbon\u00a0\u00bb button_one_text_size=\u00a0\u00bb16px\u00a0\u00bb button_one_text_color=\u00a0\u00bb#FFFFFF\u00a0\u00bb button_one_bg_color=\u00a0\u00bb#57a090&Prime; button_one_border_width=\u00a0\u00bb0px\u00a0\u00bb max_width=\u00a0\u00bb75%\u00a0\u00bb max_width_tablet=\u00a0\u00bb75%\u00a0\u00bb max_width_phone=\u00a0\u00bb100%\u00a0\u00bb max_width_last_edited=\u00a0\u00bbon|phone\u00a0\u00bb module_alignment=\u00a0\u00bbcenter\u00a0\u00bb global_colors_info=\u00a0\u00bb{}\u00a0\u00bb][\/dsm_contact_form_7][\/et_pb_column][\/et_pb_row][\/et_pb_section]<\/p>\n","protected":false},"excerpt":{"rendered":"<p><div class=\"et_pb_module dsm_breadcrumbs dsm_breadcrumbs_0\">\n\t\t\t\t\n\t\t\t\t\n\t\t\t\t\n\t\t\t\t\n\t\t\t\t\n\t\t\t\t\n\t\t\t\t<div class=\"et_pb_module_inner\">\n\t\t\t\t\t<nav class=\"dsm_breadcrumbs_wrap\" role=\"navigation\" itemscope=\"\" itemtype=\"http:\/\/schema.org\/SiteNavigationElement\">\n\t\t\t\t<ul class=\"dsm_breadcrumbs\">\n\t\t\t<li class='dsm_breadcrumbs_item dsm_home_item dsm_home_item_custom'>\n\t\t\t\t<a href=\"https:\/\/www.pontdelarche.fr\/en\" itemprop=\"url\">\n\t\t\t\t\t<span class='dsm_home_text_wrapper'>\n\t\t\t\t\t\t\t\t\t\t\t\t\t<span class=\"dsm_home_text\" itemprop=\"name\">\n\t\t\t\t\t\t\t\tAccueil\t\t\t\t\t\t\t<\/span>\n\t\t\t\t\t<\/span>\n\t\t\t\t<\/a>\n\t\t\t<\/li>\n\n\t\t<li class=\"dsm_breadcrumbs_separator\"> <span class=\"et-pb-icon dsm_separator_icon\">5<\/span><\/li><\/ul>\n\t\t\t<\/nav>\n\t\t\t\t<\/div>\n\t\t\t<\/div>Exposez votre activit\u00e9, votre cr\u00e9ativit\u00e9 \u00e0 l&rsquo;Instant BoutiqueVous souhaitez tester une nouvelle activit\u00e9 avant de vous lancer pour de bon ou exercer votre activit\u00e9 sur un temps limit\u00e9 ? C\u2019est le moment\u00a0! La Ville de Pont de l\u2019Arche lance sa boutique \u00e9ph\u00e9m\u00e8re au c\u0153ur [&hellip;]<\/p>\n","protected":false},"author":1,"featured_media":0,"parent":0,"menu_order":0,"comment_status":"closed","ping_status":"closed","template":"","meta":{"_acf_changed":false,"_et_pb_use_builder":"on","_et_pb_old_content":"","_et_gb_content_width":"","inline_featured_image":false,"footnotes":""},"class_list":["post-10483","page","type-page","status-publish","hentry"],"acf":[],"yoast_head":"<!-- This site is optimized with the Yoast SEO plugin v27.3 - https:\/\/yoast.com\/product\/yoast-seo-wordpress\/ -->\n<title>Candidature pour la boutique \u00e9ph\u00e9m\u00e8re - Pont de l&#039;Arche<\/title>\n<meta name=\"robots\" content=\"index, follow, max-snippet:-1, max-image-preview:large, max-video-preview:-1\" \/>\n<link rel=\"canonical\" href=\"https:\/\/www.pontdelarche.fr\/en\/appel-a-candidatures-boutique-ephemere\/\" \/>\n<meta property=\"og:locale\" content=\"en_GB\" \/>\n<meta property=\"og:type\" content=\"article\" \/>\n<meta property=\"og:title\" content=\"Candidature pour la boutique \u00e9ph\u00e9m\u00e8re - Pont de l&#039;Arche\" \/>\n<meta property=\"og:description\" content=\"Exposez votre activit\u00e9, votre cr\u00e9ativit\u00e9 \u00e0 l&#039;Instant BoutiqueVous souhaitez tester une nouvelle activit\u00e9 avant de vous lancer pour de bon ou exercer votre activit\u00e9 sur un temps limit\u00e9 ? C\u2019est le moment\u00a0! La Ville de Pont de l\u2019Arche lance sa boutique \u00e9ph\u00e9m\u00e8re au c\u0153ur [&hellip;]\" \/>\n<meta property=\"og:url\" content=\"https:\/\/www.pontdelarche.fr\/en\/appel-a-candidatures-boutique-ephemere\/\" \/>\n<meta property=\"og:site_name\" content=\"Pont de l&#039;Arche\" \/>\n<meta property=\"article:modified_time\" content=\"2025-12-01T14:35:25+00:00\" \/>\n<meta name=\"twitter:card\" content=\"summary_large_image\" \/>\n<meta name=\"twitter:label1\" content=\"Estimated reading time\" \/>\n\t<meta name=\"twitter:data1\" content=\"2 minutes\" \/>\n<script type=\"application\/ld+json\" class=\"yoast-schema-graph\">{\"@context\":\"https:\\\/\\\/schema.org\",\"@graph\":[{\"@type\":\"WebPage\",\"@id\":\"https:\\\/\\\/www.pontdelarche.fr\\\/appel-a-candidatures-boutique-ephemere\\\/\",\"url\":\"https:\\\/\\\/www.pontdelarche.fr\\\/appel-a-candidatures-boutique-ephemere\\\/\",\"name\":\"Candidature pour la boutique \u00e9ph\u00e9m\u00e8re - Pont de l&#039;Arche\",\"isPartOf\":{\"@id\":\"https:\\\/\\\/www.pontdelarche.fr\\\/#website\"},\"datePublished\":\"2025-09-02T12:53:35+00:00\",\"dateModified\":\"2025-12-01T14:35:25+00:00\",\"breadcrumb\":{\"@id\":\"https:\\\/\\\/www.pontdelarche.fr\\\/appel-a-candidatures-boutique-ephemere\\\/#breadcrumb\"},\"inLanguage\":\"en-GB\",\"potentialAction\":[{\"@type\":\"ReadAction\",\"target\":[\"https:\\\/\\\/www.pontdelarche.fr\\\/appel-a-candidatures-boutique-ephemere\\\/\"]}]},{\"@type\":\"BreadcrumbList\",\"@id\":\"https:\\\/\\\/www.pontdelarche.fr\\\/appel-a-candidatures-boutique-ephemere\\\/#breadcrumb\",\"itemListElement\":[{\"@type\":\"ListItem\",\"position\":1,\"name\":\"Accueil\",\"item\":\"https:\\\/\\\/www.pontdelarche.fr\\\/\"},{\"@type\":\"ListItem\",\"position\":2,\"name\":\"Candidatures pour l&rsquo;Instant boutique \u00e0 Pont de l\u2019Arche\"}]},{\"@type\":\"WebSite\",\"@id\":\"https:\\\/\\\/www.pontdelarche.fr\\\/#website\",\"url\":\"https:\\\/\\\/www.pontdelarche.fr\\\/\",\"name\":\"Pont-de-l'Arche\",\"description\":\"\",\"publisher\":{\"@id\":\"https:\\\/\\\/www.pontdelarche.fr\\\/#organization\"},\"potentialAction\":[{\"@type\":\"SearchAction\",\"target\":{\"@type\":\"EntryPoint\",\"urlTemplate\":\"https:\\\/\\\/www.pontdelarche.fr\\\/?s={search_term_string}\"},\"query-input\":{\"@type\":\"PropertyValueSpecification\",\"valueRequired\":true,\"valueName\":\"search_term_string\"}}],\"inLanguage\":\"en-GB\"},{\"@type\":\"Organization\",\"@id\":\"https:\\\/\\\/www.pontdelarche.fr\\\/#organization\",\"name\":\"Pont-de-l'Arche\",\"url\":\"https:\\\/\\\/www.pontdelarche.fr\\\/\",\"logo\":{\"@type\":\"ImageObject\",\"inLanguage\":\"en-GB\",\"@id\":\"https:\\\/\\\/www.pontdelarche.fr\\\/#\\\/schema\\\/logo\\\/image\\\/\",\"url\":\"https:\\\/\\\/www.pontdelarche.fr\\\/wp-content\\\/uploads\\\/2023\\\/05\\\/pdla_logo.png\",\"contentUrl\":\"https:\\\/\\\/www.pontdelarche.fr\\\/wp-content\\\/uploads\\\/2023\\\/05\\\/pdla_logo.png\",\"width\":1000,\"height\":250,\"caption\":\"Pont-de-l'Arche\"},\"image\":{\"@id\":\"https:\\\/\\\/www.pontdelarche.fr\\\/#\\\/schema\\\/logo\\\/image\\\/\"}}]}<\/script>\n<!-- \/ Yoast SEO plugin. -->","yoast_head_json":{"title":"Candidature pour la boutique \u00e9ph\u00e9m\u00e8re - Pont de l&#039;Arche","robots":{"index":"index","follow":"follow","max-snippet":"max-snippet:-1","max-image-preview":"max-image-preview:large","max-video-preview":"max-video-preview:-1"},"canonical":"https:\/\/www.pontdelarche.fr\/en\/appel-a-candidatures-boutique-ephemere\/","og_locale":"en_GB","og_type":"article","og_title":"Candidature pour la boutique \u00e9ph\u00e9m\u00e8re - Pont de l&#039;Arche","og_description":"Exposez votre activit\u00e9, votre cr\u00e9ativit\u00e9 \u00e0 l'Instant BoutiqueVous souhaitez tester une nouvelle activit\u00e9 avant de vous lancer pour de bon ou exercer votre activit\u00e9 sur un temps limit\u00e9 ? C\u2019est le moment\u00a0! La Ville de Pont de l\u2019Arche lance sa boutique \u00e9ph\u00e9m\u00e8re au c\u0153ur [&hellip;]","og_url":"https:\/\/www.pontdelarche.fr\/en\/appel-a-candidatures-boutique-ephemere\/","og_site_name":"Pont de l&#039;Arche","article_modified_time":"2025-12-01T14:35:25+00:00","twitter_card":"summary_large_image","twitter_misc":{"Estimated reading time":"2 minutes"},"schema":{"@context":"https:\/\/schema.org","@graph":[{"@type":"WebPage","@id":"https:\/\/www.pontdelarche.fr\/appel-a-candidatures-boutique-ephemere\/","url":"https:\/\/www.pontdelarche.fr\/appel-a-candidatures-boutique-ephemere\/","name":"Candidature pour la boutique \u00e9ph\u00e9m\u00e8re - Pont de l&#039;Arche","isPartOf":{"@id":"https:\/\/www.pontdelarche.fr\/#website"},"datePublished":"2025-09-02T12:53:35+00:00","dateModified":"2025-12-01T14:35:25+00:00","breadcrumb":{"@id":"https:\/\/www.pontdelarche.fr\/appel-a-candidatures-boutique-ephemere\/#breadcrumb"},"inLanguage":"en-GB","potentialAction":[{"@type":"ReadAction","target":["https:\/\/www.pontdelarche.fr\/appel-a-candidatures-boutique-ephemere\/"]}]},{"@type":"BreadcrumbList","@id":"https:\/\/www.pontdelarche.fr\/appel-a-candidatures-boutique-ephemere\/#breadcrumb","itemListElement":[{"@type":"ListItem","position":1,"name":"Accueil","item":"https:\/\/www.pontdelarche.fr\/"},{"@type":"ListItem","position":2,"name":"Candidatures pour l&rsquo;Instant boutique \u00e0 Pont de l\u2019Arche"}]},{"@type":"WebSite","@id":"https:\/\/www.pontdelarche.fr\/#website","url":"https:\/\/www.pontdelarche.fr\/","name":"Pont-de-l'Arche","description":"","publisher":{"@id":"https:\/\/www.pontdelarche.fr\/#organization"},"potentialAction":[{"@type":"SearchAction","target":{"@type":"EntryPoint","urlTemplate":"https:\/\/www.pontdelarche.fr\/?s={search_term_string}"},"query-input":{"@type":"PropertyValueSpecification","valueRequired":true,"valueName":"search_term_string"}}],"inLanguage":"en-GB"},{"@type":"Organization","@id":"https:\/\/www.pontdelarche.fr\/#organization","name":"Pont-de-l'Arche","url":"https:\/\/www.pontdelarche.fr\/","logo":{"@type":"ImageObject","inLanguage":"en-GB","@id":"https:\/\/www.pontdelarche.fr\/#\/schema\/logo\/image\/","url":"https:\/\/www.pontdelarche.fr\/wp-content\/uploads\/2023\/05\/pdla_logo.png","contentUrl":"https:\/\/www.pontdelarche.fr\/wp-content\/uploads\/2023\/05\/pdla_logo.png","width":1000,"height":250,"caption":"Pont-de-l'Arche"},"image":{"@id":"https:\/\/www.pontdelarche.fr\/#\/schema\/logo\/image\/"}}]}},"_links":{"self":[{"href":"https:\/\/www.pontdelarche.fr\/en\/wp-json\/wp\/v2\/pages\/10483","targetHints":{"allow":["GET"]}}],"collection":[{"href":"https:\/\/www.pontdelarche.fr\/en\/wp-json\/wp\/v2\/pages"}],"about":[{"href":"https:\/\/www.pontdelarche.fr\/en\/wp-json\/wp\/v2\/types\/page"}],"author":[{"embeddable":true,"href":"https:\/\/www.pontdelarche.fr\/en\/wp-json\/wp\/v2\/users\/1"}],"replies":[{"embeddable":true,"href":"https:\/\/www.pontdelarche.fr\/en\/wp-json\/wp\/v2\/comments?post=10483"}],"version-history":[{"count":27,"href":"https:\/\/www.pontdelarche.fr\/en\/wp-json\/wp\/v2\/pages\/10483\/revisions"}],"predecessor-version":[{"id":10747,"href":"https:\/\/www.pontdelarche.fr\/en\/wp-json\/wp\/v2\/pages\/10483\/revisions\/10747"}],"wp:attachment":[{"href":"https:\/\/www.pontdelarche.fr\/en\/wp-json\/wp\/v2\/media?parent=10483"}],"curies":[{"name":"wp","href":"https:\/\/api.w.org\/{rel}","templated":true}]}}