{"id":37,"date":"2023-05-24T14:56:57","date_gmt":"2023-05-24T12:56:57","guid":{"rendered":"https:\/\/www.pontdelarche.fr\/?page_id=37"},"modified":"2024-02-13T09:46:19","modified_gmt":"2024-02-13T08:46:19","slug":"se-restaurer","status":"publish","type":"page","link":"https:\/\/www.pontdelarche.fr\/en\/se-restaurer\/","title":{"rendered":"Eating and drinking in Pont de l'Arche"},"content":{"rendered":"<p>[et_pb_section fb_built=\u00a0\u00bb1&Prime; admin_label=\u00a0\u00bbSection : Fil d&rsquo;ariane\u00a0\u00bb _builder_version=\u00a0\u00bb4.23.1&Prime; _module_preset=\u00a0\u00bbdefault\u00a0\u00bb custom_margin=\u00a0\u00bb0px||0px||true|false\u00a0\u00bb custom_padding=\u00a0\u00bb0px||0px||false|false\u00a0\u00bb global_colors_info=\u00a0\u00bb{}\u00a0\u00bb][et_pb_row custom_padding_last_edited=\u00a0\u00bbon|phone\u00a0\u00bb admin_label=\u00a0\u00bbLigne : Fil d&rsquo;ariane\u00a0\u00bb _builder_version=\u00a0\u00bb4.23.1&Prime; _module_preset=\u00a0\u00bbdefault\u00a0\u00bb width=\u00a0\u00bb85%\u00a0\u00bb custom_margin=\u00a0\u00bb0px||0px||true|false\u00a0\u00bb custom_padding=\u00a0\u00bb32px||32px||false|false\u00a0\u00bb custom_padding_tablet=\u00a0\u00bb24px||16px||false|false\u00a0\u00bb custom_padding_phone=\u00a0\u00bb24px||16px||false|false\u00a0\u00bb global_colors_info=\u00a0\u00bb{}\u00a0\u00bb][et_pb_column type=\u00a0\u00bb4_4&Prime; _builder_version=\u00a0\u00bb4.21.0&Prime; _module_preset=\u00a0\u00bbdefault\u00a0\u00bb global_colors_info=\u00a0\u00bb{}\u00a0\u00bb][dsm_breadcrumbs home_text=\u00a0\u00bbAccueil\u00a0\u00bb show_home_icon=\u00a0\u00bboff\u00a0\u00bb items_bg_color=\u00a0\u00bbRGBA(255,255,255,0)\u00a0\u00bb admin_label=\u00a0\u00bbModule Supreme Breadcrumbs : Fil d&rsquo;ariane\u00a0\u00bb _builder_version=\u00a0\u00bb4.23.1&Prime; _module_preset=\u00a0\u00bbdefault\u00a0\u00bb items_font=\u00a0\u00bbNunito||||||||\u00a0\u00bb items_text_color=\u00a0\u00bb#000000&Prime; items_font_size=\u00a0\u00bb14px\u00a0\u00bb current_font=\u00a0\u00bbNunito||||||||\u00a0\u00bb current_text_color=\u00a0\u00bb#000000&Prime; current_font_size=\u00a0\u00bb14px\u00a0\u00bb custom_margin=\u00a0\u00bb0px||0px||true|false\u00a0\u00bb custom_padding=\u00a0\u00bb0px||0px||true|false\u00a0\u00bb items_font_size_tablet=\u00a0\u00bb14px\u00a0\u00bb items_font_size_phone=\u00a0\u00bb14px\u00a0\u00bb items_font_size_last_edited=\u00a0\u00bboff|phone\u00a0\u00bb current_font_size_tablet=\u00a0\u00bb14px\u00a0\u00bb current_font_size_phone=\u00a0\u00bb14px\u00a0\u00bb current_font_size_last_edited=\u00a0\u00bboff|phone\u00a0\u00bb global_colors_info=\u00a0\u00bb{}\u00a0\u00bb][\/dsm_breadcrumbs][\/et_pb_column][\/et_pb_row][\/et_pb_section][et_pb_section fb_built=\u00a0\u00bb1&Prime; specialty=\u00a0\u00bbon\u00a0\u00bb disabled_on=\u00a0\u00bbon|on|off\u00a0\u00bb admin_label=\u00a0\u00bbSection : Pr\u00e9sentation application (version PC)\u00a0\u00bb _builder_version=\u00a0\u00bb4.23.1&Prime; _module_preset=\u00a0\u00bb2b5c267b-ce8a-4b51-9d30-a8f3baaedc14&Prime; width=\u00a0\u00bb95%\u00a0\u00bb max_width=\u00a0\u00bb95%\u00a0\u00bb custom_padding=\u00a0\u00bb0px||||false|false\u00a0\u00bb global_colors_info=\u00a0\u00bb{}\u00a0\u00bb][et_pb_column type=\u00a0\u00bb1_2&Prime; _builder_version=\u00a0\u00bb4.16&Prime; custom_padding=\u00a0\u00bb|||\u00a0\u00bb global_colors_info=\u00a0\u00bb{}\u00a0\u00bb custom_padding__hover=\u00a0\u00bb|||\u00a0\u00bb][et_pb_image src=\u00a0\u00bbhttps:\/\/www.pontdelarche.fr\/wp-content\/uploads\/2023\/12\/2-2.svg\u00a0\u00bb alt=\u00a0\u00bbMockup page %22Mes commerces%22 de l&rsquo;application de la ville de Pont de l&rsquo;Arche\u00a0\u00bb title_text=\u00a0\u00bb2&Prime; align=\u00a0\u00bbcenter\u00a0\u00bb admin_label=\u00a0\u00bbModule Image : Mockup application\u00a0\u00bb _builder_version=\u00a0\u00bb4.23.2&Prime; _module_preset=\u00a0\u00bbdefault\u00a0\u00bb global_colors_info=\u00a0\u00bb{}\u00a0\u00bb][\/et_pb_image][\/et_pb_column][et_pb_column type=\u00a0\u00bb1_2&Prime; specialty_columns=\u00a0\u00bb2&Prime; _builder_version=\u00a0\u00bb4.16&Prime; custom_padding=\u00a0\u00bb|||\u00a0\u00bb global_colors_info=\u00a0\u00bb{}\u00a0\u00bb custom_padding__hover=\u00a0\u00bb|||\u00a0\u00bb][et_pb_row_inner admin_label=\u00a0\u00bbLigne : Pr\u00e9sentation app\u00a0\u00bb module_class=\u00a0\u00bbpa-inline-buttons\u00a0\u00bb _builder_version=\u00a0\u00bb4.21.0&Prime; _module_preset=\u00a0\u00bbdefault\u00a0\u00bb global_colors_info=\u00a0\u00bb{}\u00a0\u00bb][et_pb_column_inner saved_specialty_column_type=\u00a0\u00bb1_2&Prime; _builder_version=\u00a0\u00bb4.21.0&Prime; _module_preset=\u00a0\u00bbdefault\u00a0\u00bb global_colors_info=\u00a0\u00bb{}\u00a0\u00bb][et_pb_text admin_label=\u00a0\u00bbModule Texte : Titre\u00a0\u00bb _builder_version=\u00a0\u00bb4.24.0&Prime; _module_preset=\u00a0\u00bbdefault\u00a0\u00bb header_font=\u00a0\u00bbPoppins|700|||||||\u00a0\u00bb header_font_size=\u00a0\u00bb56px\u00a0\u00bb header_line_height=\u00a0\u00bb1.2em\u00a0\u00bb header_font_size_tablet=\u00a0\u00bb56px\u00a0\u00bb header_font_size_phone=\u00a0\u00bb32px\u00a0\u00bb header_font_size_last_edited=\u00a0\u00bbon|phone\u00a0\u00bb header_line_height_tablet=\u00a0\u00bb1.2em\u00a0\u00bb header_line_height_phone=\u00a0\u00bb1.3em\u00a0\u00bb header_line_height_last_edited=\u00a0\u00bbon|phone\u00a0\u00bb global_colors_info=\u00a0\u00bb{}\u00a0\u00bb]<\/p>\n<h1>Se restaurer <br \/>\u00e0 Pont de l&rsquo;Arche<\/h1>\n<p>[\/et_pb_text][et_pb_text admin_label=\u00a0\u00bbModule Texte : Description\u00a0\u00bb _builder_version=\u00a0\u00bb4.24.0&Prime; _module_preset=\u00a0\u00bbc2ea8889-29ce-4d4d-8a63-8609c93094fe\u00a0\u00bb text_font_size=\u00a0\u00bb16px\u00a0\u00bb text_line_height=\u00a0\u00bb1.8em\u00a0\u00bb link_font=\u00a0\u00bbNunito||||on|||#00a38f|\u00a0\u00bb link_text_color=\u00a0\u00bb#00a38f\u00a0\u00bb link_line_height=\u00a0\u00bb1.8em\u00a0\u00bb hover_enabled=\u00a0\u00bb0&Prime; global_colors_info=\u00a0\u00bb{}\u00a0\u00bb sticky_enabled=\u00a0\u00bb0&Prime;]<\/p>\n<p><span data-metadata=\"&lt;!--(figmeta)eyJmaWxlS2V5IjoieGROMlRjREtiQVVCNm93Mnk4M0dzTyIsInBhc3RlSUQiOjQ0Njk3ODQxOSwiZGF0YVR5cGUiOiJzY2VuZSJ9Cg==(\/figmeta)--&gt;\"><\/span><span>D\u00e9couvrez nos restaurants locaux pour savourer une cuisine authentique. T\u00e9l\u00e9chargez notre application ou consultez la liste de nos restaurants !<\/span><\/p>\n<p>[\/et_pb_text][et_pb_button button_url=\u00a0\u00bbhttps:\/\/apps.apple.com\/fr\/app\/ville-de-pont-de-larche\/id1597117587&Prime; url_new_window=\u00a0\u00bbon\u00a0\u00bb button_text=\u00a0\u00bbiOS\u00a0\u00bb admin_label=\u00a0\u00bbModule Bouton : %22IOS%22&Prime; _builder_version=\u00a0\u00bb4.24.0&Prime; _module_preset=\u00a0\u00bb85a28e03-e2cb-4793-bbcb-39bf15bf1460&Prime; global_colors_info=\u00a0\u00bb{}\u00a0\u00bb][\/et_pb_button][et_pb_button button_url=\u00a0\u00bbhttps:\/\/play.google.com\/store\/apps\/details?id=fr.neocity.pontdelarche&#038;hl=fr&#038;gl=US&#038;fbclid=IwAR1u-yKPTEqB4xZ1ydcr8R26q3uQ5JbwSDM2ubDXJYbP7U6Js8iKstFSRdc\u00a0\u00bb url_new_window=\u00a0\u00bbon\u00a0\u00bb button_text=\u00a0\u00bbAndroid\u00a0\u00bb admin_label=\u00a0\u00bbModule Bouton %22Android\u00a0\u00bb _builder_version=\u00a0\u00bb4.23.1&Prime; _module_preset=\u00a0\u00bb85a28e03-e2cb-4793-bbcb-39bf15bf1460&Prime; custom_margin=\u00a0\u00bb|||30px|false|false\u00a0\u00bb custom_margin_tablet=\u00a0\u00bb|||30px|false|false\u00a0\u00bb custom_margin_phone=\u00a0\u00bb|||30px|false|false\u00a0\u00bb custom_margin_last_edited=\u00a0\u00bbon|desktop\u00a0\u00bb global_colors_info=\u00a0\u00bb{}\u00a0\u00bb][\/et_pb_button][\/et_pb_column_inner][\/et_pb_row_inner][et_pb_row_inner _builder_version=\u00a0\u00bb4.24.0&Prime; _module_preset=\u00a0\u00bbdefault\u00a0\u00bb global_colors_info=\u00a0\u00bb{}\u00a0\u00bb][et_pb_column_inner saved_specialty_column_type=\u00a0\u00bb1_2&Prime; _builder_version=\u00a0\u00bb4.24.0&Prime; _module_preset=\u00a0\u00bbdefault\u00a0\u00bb global_colors_info=\u00a0\u00bb{}\u00a0\u00bb][et_pb_text admin_label=\u00a0\u00bbModule Texte : Description\u00a0\u00bb _builder_version=\u00a0\u00bb4.24.0&Prime; _module_preset=\u00a0\u00bbc2ea8889-29ce-4d4d-8a63-8609c93094fe\u00a0\u00bb text_font_size=\u00a0\u00bb16px\u00a0\u00bb text_line_height=\u00a0\u00bb1.8em\u00a0\u00bb link_font=\u00a0\u00bbNunito||||on|||#00a38f|\u00a0\u00bb link_text_color=\u00a0\u00bb#00a38f\u00a0\u00bb link_line_height=\u00a0\u00bb1.8em\u00a0\u00bb global_colors_info=\u00a0\u00bb{}\u00a0\u00bb]<\/p>\n<p>Vous pouvez \u00e9galement retrouver les commerces en cliquant sur le lien ci-dessous :<\/p>\n<p>[\/et_pb_text][et_pb_button button_url=\u00a0\u00bbhttps:\/\/app.neocity.fr\/infrastructures.html?client=602a4c64b1ef95001200036b&#038;title=Commerces%20Pont-de-l%27Arche&#038;menuId=commerces\u00a0\u00bb url_new_window=\u00a0\u00bbon\u00a0\u00bb button_text=\u00a0\u00bbLes commerces de Pont de l&rsquo;Arche\u00a0\u00bb _builder_version=\u00a0\u00bb4.24.0&Prime; _module_preset=\u00a0\u00bbdefault\u00a0\u00bb global_colors_info=\u00a0\u00bb{}\u00a0\u00bb][\/et_pb_button][\/et_pb_column_inner][\/et_pb_row_inner][\/et_pb_column][\/et_pb_section][et_pb_section fb_built=\u00a0\u00bb1&Prime; custom_padding_last_edited=\u00a0\u00bboff|phone\u00a0\u00bb disabled_on=\u00a0\u00bboff|off|on\u00a0\u00bb admin_label=\u00a0\u00bbSection : Pr\u00e9sentation application (version mobile et tablette)\u00a0\u00bb _builder_version=\u00a0\u00bb4.23&Prime; _module_preset=\u00a0\u00bbdefault\u00a0\u00bb custom_margin=\u00a0\u00bb0px||0px||false|false\u00a0\u00bb custom_padding=\u00a0\u00bb0px||0px||false|false\u00a0\u00bb custom_padding_phone=\u00a0\u00bb0px||||false|false\u00a0\u00bb global_colors_info=\u00a0\u00bb{}\u00a0\u00bb][et_pb_row admin_label=\u00a0\u00bbLigne : Pr\u00e9sentation de l&rsquo;application\u00a0\u00bb module_class=\u00a0\u00bbpa-inline-buttons\u00a0\u00bb _builder_version=\u00a0\u00bb4.23&Prime; _module_preset=\u00a0\u00bbdefault\u00a0\u00bb width_tablet=\u00a0\u00bb\u00a0\u00bb width_phone=\u00a0\u00bb85%\u00a0\u00bb width_last_edited=\u00a0\u00bbon|phone\u00a0\u00bb max_width_tablet=\u00a0\u00bb\u00a0\u00bb max_width_phone=\u00a0\u00bb85%\u00a0\u00bb max_width_last_edited=\u00a0\u00bbon|phone\u00a0\u00bb custom_margin=\u00a0\u00bb0px||0px||true|false\u00a0\u00bb custom_padding=\u00a0\u00bb24px||0px||false|false\u00a0\u00bb global_colors_info=\u00a0\u00bb{}\u00a0\u00bb][et_pb_column type=\u00a0\u00bb4_4&Prime; _builder_version=\u00a0\u00bb4.21.0&Prime; _module_preset=\u00a0\u00bbdefault\u00a0\u00bb global_colors_info=\u00a0\u00bb{}\u00a0\u00bb][et_pb_text admin_label=\u00a0\u00bbModule Texte : Titre\u00a0\u00bb _builder_version=\u00a0\u00bb4.23.1&Prime; _module_preset=\u00a0\u00bb2a9ead79-bd41-471d-997a-5dadd1cd2ec5&Prime; text_font=\u00a0\u00bbPoppins|700|||||||\u00a0\u00bb header_font=\u00a0\u00bbPoppins|700|||||||\u00a0\u00bb text_font_size_tablet=\u00a0\u00bb\u00a0\u00bb text_font_size_phone=\u00a0\u00bb32px\u00a0\u00bb text_font_size_last_edited=\u00a0\u00bbon|phone\u00a0\u00bb text_line_height_tablet=\u00a0\u00bb\u00a0\u00bb text_line_height_phone=\u00a0\u00bb1.3em\u00a0\u00bb text_line_height_last_edited=\u00a0\u00bbon|phone\u00a0\u00bb header_font_size_tablet=\u00a0\u00bb\u00a0\u00bb header_font_size_phone=\u00a0\u00bb32px\u00a0\u00bb header_font_size_last_edited=\u00a0\u00bbon|phone\u00a0\u00bb header_line_height_tablet=\u00a0\u00bb\u00a0\u00bb header_line_height_phone=\u00a0\u00bb1.3em\u00a0\u00bb header_line_height_last_edited=\u00a0\u00bbon|phone\u00a0\u00bb global_colors_info=\u00a0\u00bb{}\u00a0\u00bb]<\/p>\n<h1>Se restaurer \u00e0 Pont de l&rsquo;Arche<\/h1>\n<p>[\/et_pb_text][et_pb_text admin_label=\u00a0\u00bbModule Texte : Description\u00a0\u00bb _builder_version=\u00a0\u00bb4.24.0&Prime; _module_preset=\u00a0\u00bbc2ea8889-29ce-4d4d-8a63-8609c93094fe\u00a0\u00bb text_font_size=\u00a0\u00bb16px\u00a0\u00bb text_line_height=\u00a0\u00bb1.8em\u00a0\u00bb link_font=\u00a0\u00bbNunito||||on|||#00a38f|\u00a0\u00bb link_text_color=\u00a0\u00bb#00a38f\u00a0\u00bb link_line_height=\u00a0\u00bb1.8em\u00a0\u00bb hover_enabled=\u00a0\u00bb0&Prime; text_font_size_phone=\u00a0\u00bb16px\u00a0\u00bb text_font_size_last_edited=\u00a0\u00bboff|desktop\u00a0\u00bb text_line_height_phone=\u00a0\u00bb2em\u00a0\u00bb text_line_height_last_edited=\u00a0\u00bboff|desktop\u00a0\u00bb global_colors_info=\u00a0\u00bb{}\u00a0\u00bb link_letter_spacing__hover_enabled=\u00a0\u00bboff|desktop\u00a0\u00bb sticky_enabled=\u00a0\u00bb0&Prime;]<\/p>\n<p><span data-metadata=\"&lt;!--(figmeta)eyJmaWxlS2V5IjoieGROMlRjREtiQVVCNm93Mnk4M0dzTyIsInBhc3RlSUQiOjQ0Njk3ODQxOSwiZGF0YVR5cGUiOiJzY2VuZSJ9Cg==(\/figmeta)--&gt;\"><\/span><span>D\u00e9couvrez nos restaurants locaux pour savourer une cuisine authentique. T\u00e9l\u00e9chargez notre application ou consultez la liste de nos restaurants !<\/span><\/p>\n<p>[\/et_pb_text][et_pb_button button_url=\u00a0\u00bbhttps:\/\/apps.apple.com\/fr\/app\/ville-de-pont-de-larche\/id1597117587&Prime; url_new_window=\u00a0\u00bbon\u00a0\u00bb button_text=\u00a0\u00bbIOS\u00a0\u00bb admin_label=\u00a0\u00bbModule Bouton : %22IOS%22&Prime; _builder_version=\u00a0\u00bb4.23.1&Prime; _module_preset=\u00a0\u00bb85a28e03-e2cb-4793-bbcb-39bf15bf1460&Prime; global_colors_info=\u00a0\u00bb{}\u00a0\u00bb][\/et_pb_button][et_pb_button button_url=\u00a0\u00bbhttps:\/\/play.google.com\/store\/apps\/details?id=fr.neocity.pontdelarche&#038;hl=fr&#038;gl=US&#038;fbclid=IwAR1u-yKPTEqB4xZ1ydcr8R26q3uQ5JbwSDM2ubDXJYbP7U6Js8iKstFSRdc\u00a0\u00bb url_new_window=\u00a0\u00bbon\u00a0\u00bb button_text=\u00a0\u00bbAndroid\u00a0\u00bb admin_label=\u00a0\u00bbModule Bouton : %22Android%22&Prime; _builder_version=\u00a0\u00bb4.23.1&Prime; _module_preset=\u00a0\u00bb85a28e03-e2cb-4793-bbcb-39bf15bf1460&Prime; custom_margin_tablet=\u00a0\u00bb\u00a0\u00bb custom_margin_phone=\u00a0\u00bb|||30px|false|false\u00a0\u00bb custom_margin_last_edited=\u00a0\u00bbon|phone\u00a0\u00bb global_colors_info=\u00a0\u00bb{}\u00a0\u00bb][\/et_pb_button][et_pb_text admin_label=\u00a0\u00bbModule Texte : Description\u00a0\u00bb _builder_version=\u00a0\u00bb4.24.0&Prime; _module_preset=\u00a0\u00bbc2ea8889-29ce-4d4d-8a63-8609c93094fe\u00a0\u00bb text_font_size=\u00a0\u00bb16px\u00a0\u00bb text_line_height=\u00a0\u00bb1.8em\u00a0\u00bb link_font=\u00a0\u00bbNunito||||on|||#00a38f|\u00a0\u00bb link_text_color=\u00a0\u00bb#00a38f\u00a0\u00bb link_line_height=\u00a0\u00bb1.8em\u00a0\u00bb global_colors_info=\u00a0\u00bb{}\u00a0\u00bb]<\/p>\n<p>Vous pouvez \u00e9galement retrouver les commerces en cliquant sur le lien ci-dessous :<\/p>\n<p>[\/et_pb_text][et_pb_button button_url=\u00a0\u00bbhttps:\/\/app.neocity.fr\/infrastructures.html?client=602a4c64b1ef95001200036b&#038;title=Commerces%20Pont-de-l%27Arche&#038;menuId=commerces\u00a0\u00bb url_new_window=\u00a0\u00bbon\u00a0\u00bb button_text=\u00a0\u00bbLes commerces de Pont de l&rsquo;Arche\u00a0\u00bb _builder_version=\u00a0\u00bb4.24.0&Prime; _module_preset=\u00a0\u00bbdefault\u00a0\u00bb global_colors_info=\u00a0\u00bb{}\u00a0\u00bb][\/et_pb_button][et_pb_image src=\u00a0\u00bbhttps:\/\/www.pontdelarche.fr\/wp-content\/uploads\/2023\/12\/2-2.svg\u00a0\u00bb alt=\u00a0\u00bbMockup page %22Mes commerces%22 de l&rsquo;application de la ville de Pont de l&rsquo;Arche\u00a0\u00bb title_text=\u00a0\u00bb2&Prime; align_tablet=\u00a0\u00bb\u00a0\u00bb align_phone=\u00a0\u00bbcenter\u00a0\u00bb align_last_edited=\u00a0\u00bbon|phone\u00a0\u00bb admin_label=\u00a0\u00bbModule Image : Mockup application\u00a0\u00bb _builder_version=\u00a0\u00bb4.23.2&Prime; _module_preset=\u00a0\u00bbdefault\u00a0\u00bb custom_margin=\u00a0\u00bb0px||0px||false|false\u00a0\u00bb custom_margin_phone=\u00a0\u00bb20px||||false|false\u00a0\u00bb custom_margin_last_edited=\u00a0\u00bboff|desktop\u00a0\u00bb custom_padding=\u00a0\u00bb0px||32px||false|false\u00a0\u00bb global_colors_info=\u00a0\u00bb{}\u00a0\u00bb][\/et_pb_image][\/et_pb_column][\/et_pb_row][\/et_pb_section]<\/p>\n","protected":false},"excerpt":{"rendered":"<p>Explorez les meilleurs restaurants \u00e0 Pont de l&rsquo;Arche pour une exp\u00e9rience culinaire unique. T\u00e9l\u00e9chargez notre appli ou consultez la liste des restaurants pour savourer l&rsquo;ultime gastronomie. Plongez dans une aventure gustative \u00e0 Pont-de-l&rsquo;Arche et d\u00e9lectez-vous des saveurs locales.<\/p>","protected":false},"author":1,"featured_media":0,"parent":0,"menu_order":0,"comment_status":"closed","ping_status":"closed","template":"","meta":{"_acf_changed":false,"_et_pb_use_builder":"on","_et_pb_old_content":"","_et_gb_content_width":"","inline_featured_image":false,"footnotes":""},"class_list":["post-37","page","type-page","status-publish","hentry"],"acf":[],"yoast_head":"<!-- This site is optimized with the Yoast SEO plugin v27.3 - https:\/\/yoast.com\/product\/yoast-seo-wordpress\/ -->\n<title>Se restaurer \u00e0 Pont de l&#039;Arche<\/title>\n<meta name=\"description\" content=\"D\u00e9couvrez les meilleurs restaurants \u00e0 Pont de l&#039;Arche pour une exp\u00e9rience culinaire unique. T\u00e9l\u00e9chargez l&#039;appli ou consultez la liste pour savourer l&#039;ultime gastronomie.\" \/>\n<meta name=\"robots\" content=\"index, follow, max-snippet:-1, max-image-preview:large, max-video-preview:-1\" \/>\n<link rel=\"canonical\" href=\"https:\/\/www.pontdelarche.fr\/en\/se-restaurer\/\" \/>\n<meta property=\"og:locale\" content=\"en_GB\" \/>\n<meta property=\"og:type\" content=\"article\" \/>\n<meta property=\"og:title\" content=\"Se restaurer \u00e0 Pont de l&#039;Arche\" \/>\n<meta property=\"og:description\" content=\"D\u00e9couvrez les meilleurs restaurants \u00e0 Pont de l&#039;Arche pour une exp\u00e9rience culinaire unique. T\u00e9l\u00e9chargez l&#039;appli ou consultez la liste pour savourer l&#039;ultime gastronomie.\" \/>\n<meta property=\"og:url\" content=\"https:\/\/www.pontdelarche.fr\/en\/se-restaurer\/\" \/>\n<meta property=\"og:site_name\" content=\"Pont de l&#039;Arche\" \/>\n<meta property=\"article:modified_time\" content=\"2024-02-13T08:46:19+00:00\" \/>\n<meta name=\"twitter:card\" content=\"summary_large_image\" \/>\n<meta name=\"twitter:label1\" content=\"Estimated reading time\" \/>\n\t<meta name=\"twitter:data1\" content=\"2 minutes\" \/>\n<script type=\"application\/ld+json\" class=\"yoast-schema-graph\">{\"@context\":\"https:\\\/\\\/schema.org\",\"@graph\":[{\"@type\":\"WebPage\",\"@id\":\"https:\\\/\\\/www.pontdelarche.fr\\\/se-restaurer\\\/\",\"url\":\"https:\\\/\\\/www.pontdelarche.fr\\\/se-restaurer\\\/\",\"name\":\"Se restaurer \u00e0 Pont de l'Arche\",\"isPartOf\":{\"@id\":\"https:\\\/\\\/www.pontdelarche.fr\\\/#website\"},\"datePublished\":\"2023-05-24T12:56:57+00:00\",\"dateModified\":\"2024-02-13T08:46:19+00:00\",\"description\":\"D\u00e9couvrez les meilleurs restaurants \u00e0 Pont de l'Arche pour une exp\u00e9rience culinaire unique. T\u00e9l\u00e9chargez l'appli ou consultez la liste pour savourer l'ultime gastronomie.\",\"breadcrumb\":{\"@id\":\"https:\\\/\\\/www.pontdelarche.fr\\\/se-restaurer\\\/#breadcrumb\"},\"inLanguage\":\"en-GB\",\"potentialAction\":[{\"@type\":\"ReadAction\",\"target\":[\"https:\\\/\\\/www.pontdelarche.fr\\\/se-restaurer\\\/\"]}]},{\"@type\":\"BreadcrumbList\",\"@id\":\"https:\\\/\\\/www.pontdelarche.fr\\\/se-restaurer\\\/#breadcrumb\",\"itemListElement\":[{\"@type\":\"ListItem\",\"position\":1,\"name\":\"Accueil\",\"item\":\"https:\\\/\\\/www.pontdelarche.fr\\\/\"},{\"@type\":\"ListItem\",\"position\":2,\"name\":\"Se restaurer \u00e0 Pont de l&rsquo;Arche\"}]},{\"@type\":\"WebSite\",\"@id\":\"https:\\\/\\\/www.pontdelarche.fr\\\/#website\",\"url\":\"https:\\\/\\\/www.pontdelarche.fr\\\/\",\"name\":\"Pont-de-l'Arche\",\"description\":\"\",\"publisher\":{\"@id\":\"https:\\\/\\\/www.pontdelarche.fr\\\/#organization\"},\"potentialAction\":[{\"@type\":\"SearchAction\",\"target\":{\"@type\":\"EntryPoint\",\"urlTemplate\":\"https:\\\/\\\/www.pontdelarche.fr\\\/?s={search_term_string}\"},\"query-input\":{\"@type\":\"PropertyValueSpecification\",\"valueRequired\":true,\"valueName\":\"search_term_string\"}}],\"inLanguage\":\"en-GB\"},{\"@type\":\"Organization\",\"@id\":\"https:\\\/\\\/www.pontdelarche.fr\\\/#organization\",\"name\":\"Pont-de-l'Arche\",\"url\":\"https:\\\/\\\/www.pontdelarche.fr\\\/\",\"logo\":{\"@type\":\"ImageObject\",\"inLanguage\":\"en-GB\",\"@id\":\"https:\\\/\\\/www.pontdelarche.fr\\\/#\\\/schema\\\/logo\\\/image\\\/\",\"url\":\"https:\\\/\\\/www.pontdelarche.fr\\\/wp-content\\\/uploads\\\/2023\\\/05\\\/pdla_logo.png\",\"contentUrl\":\"https:\\\/\\\/www.pontdelarche.fr\\\/wp-content\\\/uploads\\\/2023\\\/05\\\/pdla_logo.png\",\"width\":1000,\"height\":250,\"caption\":\"Pont-de-l'Arche\"},\"image\":{\"@id\":\"https:\\\/\\\/www.pontdelarche.fr\\\/#\\\/schema\\\/logo\\\/image\\\/\"}}]}<\/script>\n<!-- \/ Yoast SEO plugin. -->","yoast_head_json":{"title":"Se restaurer \u00e0 Pont de l'Arche","description":"D\u00e9couvrez les meilleurs restaurants \u00e0 Pont de l'Arche pour une exp\u00e9rience culinaire unique. T\u00e9l\u00e9chargez l'appli ou consultez la liste pour savourer l'ultime gastronomie.","robots":{"index":"index","follow":"follow","max-snippet":"max-snippet:-1","max-image-preview":"max-image-preview:large","max-video-preview":"max-video-preview:-1"},"canonical":"https:\/\/www.pontdelarche.fr\/en\/se-restaurer\/","og_locale":"en_GB","og_type":"article","og_title":"Se restaurer \u00e0 Pont de l'Arche","og_description":"D\u00e9couvrez les meilleurs restaurants \u00e0 Pont de l'Arche pour une exp\u00e9rience culinaire unique. T\u00e9l\u00e9chargez l'appli ou consultez la liste pour savourer l'ultime gastronomie.","og_url":"https:\/\/www.pontdelarche.fr\/en\/se-restaurer\/","og_site_name":"Pont de l&#039;Arche","article_modified_time":"2024-02-13T08:46:19+00:00","twitter_card":"summary_large_image","twitter_misc":{"Estimated reading time":"2 minutes"},"schema":{"@context":"https:\/\/schema.org","@graph":[{"@type":"WebPage","@id":"https:\/\/www.pontdelarche.fr\/se-restaurer\/","url":"https:\/\/www.pontdelarche.fr\/se-restaurer\/","name":"Se restaurer \u00e0 Pont de l'Arche","isPartOf":{"@id":"https:\/\/www.pontdelarche.fr\/#website"},"datePublished":"2023-05-24T12:56:57+00:00","dateModified":"2024-02-13T08:46:19+00:00","description":"D\u00e9couvrez les meilleurs restaurants \u00e0 Pont de l'Arche pour une exp\u00e9rience culinaire unique. T\u00e9l\u00e9chargez l'appli ou consultez la liste pour savourer l'ultime gastronomie.","breadcrumb":{"@id":"https:\/\/www.pontdelarche.fr\/se-restaurer\/#breadcrumb"},"inLanguage":"en-GB","potentialAction":[{"@type":"ReadAction","target":["https:\/\/www.pontdelarche.fr\/se-restaurer\/"]}]},{"@type":"BreadcrumbList","@id":"https:\/\/www.pontdelarche.fr\/se-restaurer\/#breadcrumb","itemListElement":[{"@type":"ListItem","position":1,"name":"Accueil","item":"https:\/\/www.pontdelarche.fr\/"},{"@type":"ListItem","position":2,"name":"Se restaurer \u00e0 Pont de l&rsquo;Arche"}]},{"@type":"WebSite","@id":"https:\/\/www.pontdelarche.fr\/#website","url":"https:\/\/www.pontdelarche.fr\/","name":"Pont-de-l'Arche","description":"","publisher":{"@id":"https:\/\/www.pontdelarche.fr\/#organization"},"potentialAction":[{"@type":"SearchAction","target":{"@type":"EntryPoint","urlTemplate":"https:\/\/www.pontdelarche.fr\/?s={search_term_string}"},"query-input":{"@type":"PropertyValueSpecification","valueRequired":true,"valueName":"search_term_string"}}],"inLanguage":"en-GB"},{"@type":"Organization","@id":"https:\/\/www.pontdelarche.fr\/#organization","name":"Pont-de-l'Arche","url":"https:\/\/www.pontdelarche.fr\/","logo":{"@type":"ImageObject","inLanguage":"en-GB","@id":"https:\/\/www.pontdelarche.fr\/#\/schema\/logo\/image\/","url":"https:\/\/www.pontdelarche.fr\/wp-content\/uploads\/2023\/05\/pdla_logo.png","contentUrl":"https:\/\/www.pontdelarche.fr\/wp-content\/uploads\/2023\/05\/pdla_logo.png","width":1000,"height":250,"caption":"Pont-de-l'Arche"},"image":{"@id":"https:\/\/www.pontdelarche.fr\/#\/schema\/logo\/image\/"}}]}},"_links":{"self":[{"href":"https:\/\/www.pontdelarche.fr\/en\/wp-json\/wp\/v2\/pages\/37","targetHints":{"allow":["GET"]}}],"collection":[{"href":"https:\/\/www.pontdelarche.fr\/en\/wp-json\/wp\/v2\/pages"}],"about":[{"href":"https:\/\/www.pontdelarche.fr\/en\/wp-json\/wp\/v2\/types\/page"}],"author":[{"embeddable":true,"href":"https:\/\/www.pontdelarche.fr\/en\/wp-json\/wp\/v2\/users\/1"}],"replies":[{"embeddable":true,"href":"https:\/\/www.pontdelarche.fr\/en\/wp-json\/wp\/v2\/comments?post=37"}],"version-history":[{"count":33,"href":"https:\/\/www.pontdelarche.fr\/en\/wp-json\/wp\/v2\/pages\/37\/revisions"}],"predecessor-version":[{"id":9572,"href":"https:\/\/www.pontdelarche.fr\/en\/wp-json\/wp\/v2\/pages\/37\/revisions\/9572"}],"wp:attachment":[{"href":"https:\/\/www.pontdelarche.fr\/en\/wp-json\/wp\/v2\/media?parent=37"}],"curies":[{"name":"wp","href":"https:\/\/api.w.org\/{rel}","templated":true}]}}