{"id":55,"date":"2023-05-24T15:04:02","date_gmt":"2023-05-24T13:04:02","guid":{"rendered":"https:\/\/www.pontdelarche.fr\/?page_id=55"},"modified":"2023-12-15T13:04:07","modified_gmt":"2023-12-15T12:04:07","slug":"nous-contacter","status":"publish","type":"page","link":"https:\/\/www.pontdelarche.fr\/en\/nous-contacter\/","title":{"rendered":"Contact us"},"content":{"rendered":"<p>[et_pb_section fb_built=\u00a0\u00bb1&Prime; custom_padding_last_edited=\u00a0\u00bboff|desktop\u00a0\u00bb admin_label=\u00a0\u00bbSection : Fil d&rsquo;ariane + titre\u00a0\u00bb _builder_version=\u00a0\u00bb4.23.1&Prime; _module_preset=\u00a0\u00bbdefault\u00a0\u00bb min_height=\u00a0\u00bb217.4px\u00a0\u00bb min_height_tablet=\u00a0\u00bb217.4px\u00a0\u00bb min_height_phone=\u00a0\u00bb142.4px\u00a0\u00bb min_height_last_edited=\u00a0\u00bbon|phone\u00a0\u00bb custom_margin=\u00a0\u00bb0px||0px||false|false\u00a0\u00bb custom_margin_phone=\u00a0\u00bb0px||0px||false|false\u00a0\u00bb custom_margin_last_edited=\u00a0\u00bboff|desktop\u00a0\u00bb custom_padding=\u00a0\u00bb0px||56px||false|false\u00a0\u00bb custom_padding_tablet=\u00a0\u00bb||2px|||\u00a0\u00bb custom_padding_phone=\u00a0\u00bb0px||0px||false|false\u00a0\u00bb global_colors_info=\u00a0\u00bb{}\u00a0\u00bb][et_pb_row custom_padding_last_edited=\u00a0\u00bbon|phone\u00a0\u00bb admin_label=\u00a0\u00bbLigne : Fil d&rsquo;ariane\u00a0\u00bb _builder_version=\u00a0\u00bb4.23.1&Prime; _module_preset=\u00a0\u00bbdefault\u00a0\u00bb width=\u00a0\u00bb85%\u00a0\u00bb custom_margin=\u00a0\u00bb0px||0px||true|false\u00a0\u00bb custom_padding=\u00a0\u00bb32px||32px||false|false\u00a0\u00bb custom_padding_tablet=\u00a0\u00bb24px||16px||false|false\u00a0\u00bb custom_padding_phone=\u00a0\u00bb24px||16px||false|false\u00a0\u00bb global_colors_info=\u00a0\u00bb{}\u00a0\u00bb][et_pb_column type=\u00a0\u00bb4_4&Prime; _builder_version=\u00a0\u00bb4.21.0&Prime; _module_preset=\u00a0\u00bbdefault\u00a0\u00bb global_colors_info=\u00a0\u00bb{}\u00a0\u00bb][dsm_breadcrumbs home_text=\u00a0\u00bbAccueil\u00a0\u00bb show_home_icon=\u00a0\u00bboff\u00a0\u00bb items_bg_color=\u00a0\u00bbRGBA(255,255,255,0)\u00a0\u00bb admin_label=\u00a0\u00bbModule Supreme Breadcrumbs : Fil d&rsquo;ariane\u00a0\u00bb _builder_version=\u00a0\u00bb4.23.1&Prime; _module_preset=\u00a0\u00bbdefault\u00a0\u00bb items_font=\u00a0\u00bbNunito||||||||\u00a0\u00bb items_text_color=\u00a0\u00bb#000000&Prime; items_font_size=\u00a0\u00bb14px\u00a0\u00bb current_font=\u00a0\u00bbNunito||||||||\u00a0\u00bb current_text_color=\u00a0\u00bb#000000&Prime; current_font_size=\u00a0\u00bb14px\u00a0\u00bb custom_margin=\u00a0\u00bb0px||0px||true|false\u00a0\u00bb custom_padding=\u00a0\u00bb0px||0px||true|false\u00a0\u00bb items_font_size_tablet=\u00a0\u00bb14px\u00a0\u00bb items_font_size_phone=\u00a0\u00bb14px\u00a0\u00bb items_font_size_last_edited=\u00a0\u00bboff|phone\u00a0\u00bb current_font_size_tablet=\u00a0\u00bb14px\u00a0\u00bb current_font_size_phone=\u00a0\u00bb14px\u00a0\u00bb current_font_size_last_edited=\u00a0\u00bboff|phone\u00a0\u00bb global_colors_info=\u00a0\u00bb{}\u00a0\u00bb][\/dsm_breadcrumbs][\/et_pb_column][\/et_pb_row][et_pb_row custom_padding_last_edited=\u00a0\u00bboff|desktop\u00a0\u00bb admin_label=\u00a0\u00bbLigne : Titre de la page\u00a0\u00bb _builder_version=\u00a0\u00bb4.23&Prime; _module_preset=\u00a0\u00bbdefault\u00a0\u00bb width=\u00a0\u00bb85%\u00a0\u00bb custom_margin=\u00a0\u00bb0px||0px||false|false\u00a0\u00bb custom_margin_phone=\u00a0\u00bb||0px||false|false\u00a0\u00bb custom_margin_last_edited=\u00a0\u00bboff|desktop\u00a0\u00bb custom_padding=\u00a0\u00bb0px||0px||false|false\u00a0\u00bb custom_padding_phone=\u00a0\u00bb||0px||false|false\u00a0\u00bb global_colors_info=\u00a0\u00bb{}\u00a0\u00bb][et_pb_column type=\u00a0\u00bb4_4&Prime; _builder_version=\u00a0\u00bb4.21.0&Prime; _module_preset=\u00a0\u00bbdefault\u00a0\u00bb global_colors_info=\u00a0\u00bb{}\u00a0\u00bb][et_pb_text admin_label=\u00a0\u00bbModule Texte : Titre de la page\u00a0\u00bb _builder_version=\u00a0\u00bb4.23&Prime; _module_preset=\u00a0\u00bb2a9ead79-bd41-471d-997a-5dadd1cd2ec5&Prime; text_font=\u00a0\u00bbPoppins||||||||\u00a0\u00bb header_font=\u00a0\u00bbPoppins|700|||||||\u00a0\u00bb header_font_size=\u00a0\u00bb56px\u00a0\u00bb header_line_height=\u00a0\u00bb1.2em\u00a0\u00bb width_tablet=\u00a0\u00bb\u00a0\u00bb width_phone=\u00a0\u00bb100%\u00a0\u00bb width_last_edited=\u00a0\u00bbon|phone\u00a0\u00bb max_width_tablet=\u00a0\u00bb\u00a0\u00bb max_width_phone=\u00a0\u00bb100%\u00a0\u00bb max_width_last_edited=\u00a0\u00bbon|phone\u00a0\u00bb custom_margin=\u00a0\u00bb0px||0px||false|false\u00a0\u00bb custom_padding=\u00a0\u00bb0px||0px||false|false\u00a0\u00bb header_font_size_tablet=\u00a0\u00bb32px\u00a0\u00bb header_font_size_phone=\u00a0\u00bb28px\u00a0\u00bb header_font_size_last_edited=\u00a0\u00bbon|tablet\u00a0\u00bb header_line_height_tablet=\u00a0\u00bb1.2em\u00a0\u00bb header_line_height_phone=\u00a0\u00bb1.3em\u00a0\u00bb header_line_height_last_edited=\u00a0\u00bbon|phone\u00a0\u00bb global_colors_info=\u00a0\u00bb{}\u00a0\u00bb]<\/p>\n<h1>Formulaire de contact<\/h1>\n<p>[\/et_pb_text][\/et_pb_column][\/et_pb_row][\/et_pb_section][et_pb_section fb_built=\u00a0\u00bb1&Prime; admin_label=\u00a0\u00bbSection : Formulaire de contact\u00a0\u00bb _builder_version=\u00a0\u00bb4.23&Prime; _module_preset=\u00a0\u00bbdefault\u00a0\u00bb custom_margin=\u00a0\u00bb0px||0px||false|false\u00a0\u00bb custom_padding=\u00a0\u00bb0px||32px||false|false\u00a0\u00bb global_colors_info=\u00a0\u00bb{}\u00a0\u00bb][et_pb_row admin_label=\u00a0\u00bbLigne : Formulaire de contact\u00a0\u00bb _builder_version=\u00a0\u00bb4.23&Prime; _module_preset=\u00a0\u00bbdefault\u00a0\u00bb custom_margin=\u00a0\u00bb0px||0px||false|false\u00a0\u00bb custom_padding=\u00a0\u00bb0px||0px||false|false\u00a0\u00bb global_colors_info=\u00a0\u00bb{}\u00a0\u00bb][et_pb_column type=\u00a0\u00bb4_4&Prime; _builder_version=\u00a0\u00bb4.21.0&Prime; _module_preset=\u00a0\u00bbdefault\u00a0\u00bb global_colors_info=\u00a0\u00bb{}\u00a0\u00bb][dsm_contact_form_7 cf7_library=\u00a0\u00bb197&Prime; label_bottom_spacing=\u00a0\u00bb6px\u00a0\u00bb input_background_color=\u00a0\u00bb#ffffff\u00a0\u00bb file_padding=\u00a0\u00bb16px|20px|16px|20px|true|true\u00a0\u00bb file_background_color=\u00a0\u00bb#FFFFFF\u00a0\u00bb admin_label=\u00a0\u00bbModule Supreme Contact Form 7 : Formulaire de contact\u00a0\u00bb _builder_version=\u00a0\u00bb4.23.1&Prime; _module_preset=\u00a0\u00bbdefault\u00a0\u00bb labels_font=\u00a0\u00bbNunito||||||||\u00a0\u00bb labels_font_size=\u00a0\u00bb16px\u00a0\u00bb labels_letter_spacing=\u00a0\u00bb1px\u00a0\u00bb input_textarea_select_font=\u00a0\u00bbNunito||||||||\u00a0\u00bb file_font=\u00a0\u00bbNunito||||||||\u00a0\u00bb file_font_size=\u00a0\u00bb14px\u00a0\u00bb custom_button_one=\u00a0\u00bbon\u00a0\u00bb button_one_text_size=\u00a0\u00bb16px\u00a0\u00bb button_one_text_color=\u00a0\u00bb#FFFFFF\u00a0\u00bb button_one_bg_color=\u00a0\u00bb#00a38f\u00a0\u00bb button_one_border_width=\u00a0\u00bb0px\u00a0\u00bb button_one_border_radius=\u00a0\u00bb30px\u00a0\u00bb button_one_font=\u00a0\u00bbNunito||||||||\u00a0\u00bb custom_margin=\u00a0\u00bb0px||0px||false|false\u00a0\u00bb custom_padding=\u00a0\u00bb0px||0px||false|false\u00a0\u00bb hover_enabled=\u00a0\u00bb0&Prime; global_colors_info=\u00a0\u00bb{}\u00a0\u00bb sticky_enabled=\u00a0\u00bb0&Prime;][\/dsm_contact_form_7][\/et_pb_column][\/et_pb_row][\/et_pb_section]<\/p>\n","protected":false},"excerpt":{"rendered":"<p>Utilisez notre formulaire de contact en ligne pour poser vos questions \u00e0 la municipalit\u00e9 de Pont de l&rsquo;Arche. Nous sommes l\u00e0 pour vous aider et rester en contact avec les citoyens. N&rsquo;h\u00e9sitez pas \u00e0 partager vos pr\u00e9occupations, suggestions et id\u00e9es. Votre voix compte, et nous sommes \u00e0 votre \u00e9coute.<\/p>","protected":false},"author":1,"featured_media":0,"parent":0,"menu_order":0,"comment_status":"closed","ping_status":"closed","template":"","meta":{"_acf_changed":false,"_et_pb_use_builder":"on","_et_pb_old_content":"","_et_gb_content_width":"","inline_featured_image":false,"footnotes":""},"class_list":["post-55","page","type-page","status-publish","hentry"],"acf":[],"yoast_head":"<!-- This site is optimized with the Yoast SEO plugin v27.5 - https:\/\/yoast.com\/product\/yoast-seo-wordpress\/ -->\n<title>Nous contacter - Mairie de Pont de l&#039;Arche<\/title>\n<meta name=\"description\" content=\"Contactez-nous facilement \u00e0 Pont de l&#039;Arche gr\u00e2ce \u00e0 notre formulaire en ligne. Posez vos questions et restez connect\u00e9 avec votre municipalit\u00e9.\" \/>\n<meta name=\"robots\" content=\"index, follow, max-snippet:-1, max-image-preview:large, max-video-preview:-1\" \/>\n<link rel=\"canonical\" href=\"https:\/\/www.pontdelarche.fr\/en\/nous-contacter\/\" \/>\n<meta property=\"og:locale\" content=\"en_GB\" \/>\n<meta property=\"og:type\" content=\"article\" \/>\n<meta property=\"og:title\" content=\"Nous contacter - Mairie de Pont de l&#039;Arche\" \/>\n<meta property=\"og:description\" content=\"Contactez-nous facilement \u00e0 Pont de l&#039;Arche gr\u00e2ce \u00e0 notre formulaire en ligne. Posez vos questions et restez connect\u00e9 avec votre municipalit\u00e9.\" \/>\n<meta property=\"og:url\" content=\"https:\/\/www.pontdelarche.fr\/en\/nous-contacter\/\" \/>\n<meta property=\"og:site_name\" content=\"Pont de l&#039;Arche\" \/>\n<meta property=\"article:modified_time\" content=\"2023-12-15T12:04:07+00:00\" \/>\n<meta name=\"twitter:card\" content=\"summary_large_image\" \/>\n<meta name=\"twitter:label1\" content=\"Estimated reading time\" \/>\n\t<meta name=\"twitter:data1\" content=\"1 minute\" \/>\n<script type=\"application\/ld+json\" class=\"yoast-schema-graph\">{\"@context\":\"https:\\\/\\\/schema.org\",\"@graph\":[{\"@type\":\"WebPage\",\"@id\":\"https:\\\/\\\/www.pontdelarche.fr\\\/nous-contacter\\\/\",\"url\":\"https:\\\/\\\/www.pontdelarche.fr\\\/nous-contacter\\\/\",\"name\":\"Nous contacter - Mairie de Pont de l'Arche\",\"isPartOf\":{\"@id\":\"https:\\\/\\\/www.pontdelarche.fr\\\/#website\"},\"datePublished\":\"2023-05-24T13:04:02+00:00\",\"dateModified\":\"2023-12-15T12:04:07+00:00\",\"description\":\"Contactez-nous facilement \u00e0 Pont de l'Arche gr\u00e2ce \u00e0 notre formulaire en ligne. Posez vos questions et restez connect\u00e9 avec votre municipalit\u00e9.\",\"breadcrumb\":{\"@id\":\"https:\\\/\\\/www.pontdelarche.fr\\\/nous-contacter\\\/#breadcrumb\"},\"inLanguage\":\"en-GB\",\"potentialAction\":[{\"@type\":\"ReadAction\",\"target\":[\"https:\\\/\\\/www.pontdelarche.fr\\\/nous-contacter\\\/\"]}]},{\"@type\":\"BreadcrumbList\",\"@id\":\"https:\\\/\\\/www.pontdelarche.fr\\\/nous-contacter\\\/#breadcrumb\",\"itemListElement\":[{\"@type\":\"ListItem\",\"position\":1,\"name\":\"Accueil\",\"item\":\"https:\\\/\\\/www.pontdelarche.fr\\\/\"},{\"@type\":\"ListItem\",\"position\":2,\"name\":\"Nous contacter\"}]},{\"@type\":\"WebSite\",\"@id\":\"https:\\\/\\\/www.pontdelarche.fr\\\/#website\",\"url\":\"https:\\\/\\\/www.pontdelarche.fr\\\/\",\"name\":\"Pont-de-l'Arche\",\"description\":\"\",\"publisher\":{\"@id\":\"https:\\\/\\\/www.pontdelarche.fr\\\/#organization\"},\"potentialAction\":[{\"@type\":\"SearchAction\",\"target\":{\"@type\":\"EntryPoint\",\"urlTemplate\":\"https:\\\/\\\/www.pontdelarche.fr\\\/?s={search_term_string}\"},\"query-input\":{\"@type\":\"PropertyValueSpecification\",\"valueRequired\":true,\"valueName\":\"search_term_string\"}}],\"inLanguage\":\"en-GB\"},{\"@type\":\"Organization\",\"@id\":\"https:\\\/\\\/www.pontdelarche.fr\\\/#organization\",\"name\":\"Pont-de-l'Arche\",\"url\":\"https:\\\/\\\/www.pontdelarche.fr\\\/\",\"logo\":{\"@type\":\"ImageObject\",\"inLanguage\":\"en-GB\",\"@id\":\"https:\\\/\\\/www.pontdelarche.fr\\\/#\\\/schema\\\/logo\\\/image\\\/\",\"url\":\"https:\\\/\\\/www.pontdelarche.fr\\\/wp-content\\\/uploads\\\/2023\\\/05\\\/pdla_logo.png\",\"contentUrl\":\"https:\\\/\\\/www.pontdelarche.fr\\\/wp-content\\\/uploads\\\/2023\\\/05\\\/pdla_logo.png\",\"width\":1000,\"height\":250,\"caption\":\"Pont-de-l'Arche\"},\"image\":{\"@id\":\"https:\\\/\\\/www.pontdelarche.fr\\\/#\\\/schema\\\/logo\\\/image\\\/\"}}]}<\/script>\n<!-- \/ Yoast SEO plugin. -->","yoast_head_json":{"title":"Nous contacter - Mairie de Pont de l'Arche","description":"Contactez-nous facilement \u00e0 Pont de l'Arche gr\u00e2ce \u00e0 notre formulaire en ligne. Posez vos questions et restez connect\u00e9 avec votre municipalit\u00e9.","robots":{"index":"index","follow":"follow","max-snippet":"max-snippet:-1","max-image-preview":"max-image-preview:large","max-video-preview":"max-video-preview:-1"},"canonical":"https:\/\/www.pontdelarche.fr\/en\/nous-contacter\/","og_locale":"en_GB","og_type":"article","og_title":"Nous contacter - Mairie de Pont de l'Arche","og_description":"Contactez-nous facilement \u00e0 Pont de l'Arche gr\u00e2ce \u00e0 notre formulaire en ligne. Posez vos questions et restez connect\u00e9 avec votre municipalit\u00e9.","og_url":"https:\/\/www.pontdelarche.fr\/en\/nous-contacter\/","og_site_name":"Pont de l&#039;Arche","article_modified_time":"2023-12-15T12:04:07+00:00","twitter_card":"summary_large_image","twitter_misc":{"Estimated reading time":"1 minute"},"schema":{"@context":"https:\/\/schema.org","@graph":[{"@type":"WebPage","@id":"https:\/\/www.pontdelarche.fr\/nous-contacter\/","url":"https:\/\/www.pontdelarche.fr\/nous-contacter\/","name":"Nous contacter - Mairie de Pont de l'Arche","isPartOf":{"@id":"https:\/\/www.pontdelarche.fr\/#website"},"datePublished":"2023-05-24T13:04:02+00:00","dateModified":"2023-12-15T12:04:07+00:00","description":"Contactez-nous facilement \u00e0 Pont de l'Arche gr\u00e2ce \u00e0 notre formulaire en ligne. Posez vos questions et restez connect\u00e9 avec votre municipalit\u00e9.","breadcrumb":{"@id":"https:\/\/www.pontdelarche.fr\/nous-contacter\/#breadcrumb"},"inLanguage":"en-GB","potentialAction":[{"@type":"ReadAction","target":["https:\/\/www.pontdelarche.fr\/nous-contacter\/"]}]},{"@type":"BreadcrumbList","@id":"https:\/\/www.pontdelarche.fr\/nous-contacter\/#breadcrumb","itemListElement":[{"@type":"ListItem","position":1,"name":"Accueil","item":"https:\/\/www.pontdelarche.fr\/"},{"@type":"ListItem","position":2,"name":"Nous contacter"}]},{"@type":"WebSite","@id":"https:\/\/www.pontdelarche.fr\/#website","url":"https:\/\/www.pontdelarche.fr\/","name":"Pont-de-l'Arche","description":"","publisher":{"@id":"https:\/\/www.pontdelarche.fr\/#organization"},"potentialAction":[{"@type":"SearchAction","target":{"@type":"EntryPoint","urlTemplate":"https:\/\/www.pontdelarche.fr\/?s={search_term_string}"},"query-input":{"@type":"PropertyValueSpecification","valueRequired":true,"valueName":"search_term_string"}}],"inLanguage":"en-GB"},{"@type":"Organization","@id":"https:\/\/www.pontdelarche.fr\/#organization","name":"Pont-de-l'Arche","url":"https:\/\/www.pontdelarche.fr\/","logo":{"@type":"ImageObject","inLanguage":"en-GB","@id":"https:\/\/www.pontdelarche.fr\/#\/schema\/logo\/image\/","url":"https:\/\/www.pontdelarche.fr\/wp-content\/uploads\/2023\/05\/pdla_logo.png","contentUrl":"https:\/\/www.pontdelarche.fr\/wp-content\/uploads\/2023\/05\/pdla_logo.png","width":1000,"height":250,"caption":"Pont-de-l'Arche"},"image":{"@id":"https:\/\/www.pontdelarche.fr\/#\/schema\/logo\/image\/"}}]}},"_links":{"self":[{"href":"https:\/\/www.pontdelarche.fr\/en\/wp-json\/wp\/v2\/pages\/55","targetHints":{"allow":["GET"]}}],"collection":[{"href":"https:\/\/www.pontdelarche.fr\/en\/wp-json\/wp\/v2\/pages"}],"about":[{"href":"https:\/\/www.pontdelarche.fr\/en\/wp-json\/wp\/v2\/types\/page"}],"author":[{"embeddable":true,"href":"https:\/\/www.pontdelarche.fr\/en\/wp-json\/wp\/v2\/users\/1"}],"replies":[{"embeddable":true,"href":"https:\/\/www.pontdelarche.fr\/en\/wp-json\/wp\/v2\/comments?post=55"}],"version-history":[{"count":30,"href":"https:\/\/www.pontdelarche.fr\/en\/wp-json\/wp\/v2\/pages\/55\/revisions"}],"predecessor-version":[{"id":8236,"href":"https:\/\/www.pontdelarche.fr\/en\/wp-json\/wp\/v2\/pages\/55\/revisions\/8236"}],"wp:attachment":[{"href":"https:\/\/www.pontdelarche.fr\/en\/wp-json\/wp\/v2\/media?parent=55"}],"curies":[{"name":"wp","href":"https:\/\/api.w.org\/{rel}","templated":true}]}}