{"id":7226,"date":"2023-11-15T12:17:54","date_gmt":"2023-11-15T11:17:54","guid":{"rendered":"https:\/\/www.pontdelarche.fr\/?page_id=7226"},"modified":"2024-02-01T10:30:53","modified_gmt":"2024-02-01T09:30:53","slug":"conseil-municipal2","status":"publish","type":"page","link":"https:\/\/www.pontdelarche.fr\/en\/conseil-municipal2\/","title":{"rendered":"City Council"},"content":{"rendered":"<p>[et_pb_section fb_built=\u00a0\u00bb1&Prime; custom_padding_last_edited=\u00a0\u00bboff|desktop\u00a0\u00bb admin_label=\u00a0\u00bbSection fil d&rsquo;ariane + titre\u00a0\u00bb _builder_version=\u00a0\u00bb4.23.1&Prime; _module_preset=\u00a0\u00bbdefault\u00a0\u00bb custom_margin=\u00a0\u00bb0px||0px||true|false\u00a0\u00bb custom_padding=\u00a0\u00bb0px||0px||true|false\u00a0\u00bb custom_padding_phone=\u00a0\u00bb0px||||false|false\u00a0\u00bb global_colors_info=\u00a0\u00bb{}\u00a0\u00bb][et_pb_row custom_padding_last_edited=\u00a0\u00bbon|phone\u00a0\u00bb admin_label=\u00a0\u00bbLigne : Fil d&rsquo;ariane\u00a0\u00bb _builder_version=\u00a0\u00bb4.23.1&Prime; _module_preset=\u00a0\u00bbdefault\u00a0\u00bb width=\u00a0\u00bb85%\u00a0\u00bb custom_margin=\u00a0\u00bb0px||0px||true|false\u00a0\u00bb custom_padding=\u00a0\u00bb32px||32px||true|false\u00a0\u00bb custom_padding_tablet=\u00a0\u00bb24px||16px||false|false\u00a0\u00bb custom_padding_phone=\u00a0\u00bb24px||16px||false|false\u00a0\u00bb global_colors_info=\u00a0\u00bb{}\u00a0\u00bb][et_pb_column type=\u00a0\u00bb4_4&Prime; _builder_version=\u00a0\u00bb4.21.0&Prime; _module_preset=\u00a0\u00bbdefault\u00a0\u00bb global_colors_info=\u00a0\u00bb{}\u00a0\u00bb][dsm_breadcrumbs home_text=\u00a0\u00bbAccueil\u00a0\u00bb show_home_icon=\u00a0\u00bboff\u00a0\u00bb items_bg_color=\u00a0\u00bbRGBA(255,255,255,0)\u00a0\u00bb admin_label=\u00a0\u00bbModule Supreme Breadcrumbs : Fil d&rsquo;ariane\u00a0\u00bb _builder_version=\u00a0\u00bb4.23.1&Prime; _module_preset=\u00a0\u00bbdefault\u00a0\u00bb items_font=\u00a0\u00bbNunito||||||||\u00a0\u00bb items_text_color=\u00a0\u00bb#000000&Prime; items_font_size=\u00a0\u00bb14px\u00a0\u00bb current_font=\u00a0\u00bbNunito||||||||\u00a0\u00bb current_text_color=\u00a0\u00bb#000000&Prime; current_font_size=\u00a0\u00bb14px\u00a0\u00bb custom_margin=\u00a0\u00bb0px||0px||true|false\u00a0\u00bb custom_padding=\u00a0\u00bb0px||0px||true|false\u00a0\u00bb global_colors_info=\u00a0\u00bb{}\u00a0\u00bb][\/dsm_breadcrumbs][\/et_pb_column][\/et_pb_row][et_pb_row admin_label=\u00a0\u00bbLigne : Titre + description\u00a0\u00bb _builder_version=\u00a0\u00bb4.21.0&Prime; _module_preset=\u00a0\u00bbdefault\u00a0\u00bb width=\u00a0\u00bb85%\u00a0\u00bb width_tablet=\u00a0\u00bb85%\u00a0\u00bb width_phone=\u00a0\u00bb85%\u00a0\u00bb width_last_edited=\u00a0\u00bbon|phone\u00a0\u00bb max_width_tablet=\u00a0\u00bb85%\u00a0\u00bb max_width_phone=\u00a0\u00bb85%\u00a0\u00bb max_width_last_edited=\u00a0\u00bbon|phone\u00a0\u00bb global_colors_info=\u00a0\u00bb{}\u00a0\u00bb][et_pb_column type=\u00a0\u00bb4_4&Prime; _builder_version=\u00a0\u00bb4.21.0&Prime; _module_preset=\u00a0\u00bbdefault\u00a0\u00bb global_colors_info=\u00a0\u00bb{}\u00a0\u00bb][et_pb_text admin_label=\u00a0\u00bbModule Texte : Titre de la page\u00a0\u00bb _builder_version=\u00a0\u00bb4.23.1&Prime; _module_preset=\u00a0\u00bbdefault\u00a0\u00bb header_font=\u00a0\u00bbPoppins|700|||||||\u00a0\u00bb header_font_size=\u00a0\u00bb56px\u00a0\u00bb header_line_height=\u00a0\u00bb1.2em\u00a0\u00bb width=\u00a0\u00bb55%\u00a0\u00bb width_tablet=\u00a0\u00bb55%\u00a0\u00bb width_phone=\u00a0\u00bb100%\u00a0\u00bb width_last_edited=\u00a0\u00bbon|phone\u00a0\u00bb max_width=\u00a0\u00bb55%\u00a0\u00bb max_width_tablet=\u00a0\u00bb55%\u00a0\u00bb max_width_phone=\u00a0\u00bb100%\u00a0\u00bb max_width_last_edited=\u00a0\u00bbon|phone\u00a0\u00bb header_font_size_tablet=\u00a0\u00bb52px\u00a0\u00bb header_font_size_phone=\u00a0\u00bb32px\u00a0\u00bb header_font_size_last_edited=\u00a0\u00bbon|phone\u00a0\u00bb header_line_height_tablet=\u00a0\u00bb1.2em\u00a0\u00bb header_line_height_phone=\u00a0\u00bb1.3em\u00a0\u00bb header_line_height_last_edited=\u00a0\u00bbon|desktop\u00a0\u00bb global_colors_info=\u00a0\u00bb{}\u00a0\u00bb width__hover_enabled=\u00a0\u00bboff|desktop\u00a0\u00bb]<\/p>\n<h1><span data-metadata=\"&lt;!--(figmeta)eyJmaWxlS2V5IjoieGROMlRjREtiQVVCNm93Mnk4M0dzTyIsInBhc3RlSUQiOjY5NzI2Mjc1NSwiZGF0YVR5cGUiOiJzY2VuZSJ9Cg==(\/figmeta)--&gt;\"><\/span>Conseil Municipal<\/h1>\n<p>[\/et_pb_text][et_pb_text admin_label=\u00a0\u00bbModule Texte : Description\u00a0\u00bb _builder_version=\u00a0\u00bb4.24.0&Prime; _module_preset=\u00a0\u00bbc2ea8889-29ce-4d4d-8a63-8609c93094fe\u00a0\u00bb text_font_size=\u00a0\u00bb16px\u00a0\u00bb text_line_height=\u00a0\u00bb1.8em\u00a0\u00bb width=\u00a0\u00bb55%\u00a0\u00bb width_tablet=\u00a0\u00bb55%\u00a0\u00bb width_phone=\u00a0\u00bb100%\u00a0\u00bb width_last_edited=\u00a0\u00bbon|phone\u00a0\u00bb max_width=\u00a0\u00bb55%\u00a0\u00bb max_width_tablet=\u00a0\u00bb55%\u00a0\u00bb max_width_phone=\u00a0\u00bb100%\u00a0\u00bb max_width_last_edited=\u00a0\u00bbon|phone\u00a0\u00bb text_font_size_phone=\u00a0\u00bb16px\u00a0\u00bb text_font_size_last_edited=\u00a0\u00bboff|phone\u00a0\u00bb text_line_height_phone=\u00a0\u00bb2em\u00a0\u00bb text_line_height_last_edited=\u00a0\u00bboff|phone\u00a0\u00bb global_colors_info=\u00a0\u00bb{}\u00a0\u00bb]<\/p>\n<p>Retrouvez les document relatifs aux pr\u00e9c\u00e9dents conseils municipaux ci-dessous.<\/p>\n<p>&nbsp;<\/p>\n<p>[\/et_pb_text][\/et_pb_column][\/et_pb_row][\/et_pb_section][et_pb_section fb_built=\u00a0\u00bb1&Prime; custom_padding_last_edited=\u00a0\u00bboff|desktop\u00a0\u00bb admin_label=\u00a0\u00bbSection affichage PDF\u00a0\u00bb _builder_version=\u00a0\u00bb4.23.1&Prime; _module_preset=\u00a0\u00bbdefault\u00a0\u00bb custom_margin=\u00a0\u00bb0px||0px||true|false\u00a0\u00bb custom_margin_last_edited=\u00a0\u00bboff|desktop\u00a0\u00bb custom_padding=\u00a0\u00bb0px||0px||true|false\u00a0\u00bb custom_padding_phone=\u00a0\u00bb0px||||false|false\u00a0\u00bb global_colors_info=\u00a0\u00bb{}\u00a0\u00bb][et_pb_row admin_label=\u00a0\u00bbLigne : Affichage des PDF\u00a0\u00bb _builder_version=\u00a0\u00bb4.23.1&Prime; _module_preset=\u00a0\u00bbdefault\u00a0\u00bb global_colors_info=\u00a0\u00bb{}\u00a0\u00bb][et_pb_column type=\u00a0\u00bb4_4&Prime; _builder_version=\u00a0\u00bb4.21.0&Prime; _module_preset=\u00a0\u00bbdefault\u00a0\u00bb global_colors_info=\u00a0\u00bb{}\u00a0\u00bb][webeepdf_hello_world chosen_post_type=\u00a0\u00bbconseil_municipal\u00a0\u00bb num_posts=\u00a0\u00bb20&Prime; toggle=\u00a0\u00bbon\u00a0\u00bb show_filters=\u00a0\u00bbon\u00a0\u00bb admin_label=\u00a0\u00bbModule PDF Viewer : Affichage des PDF\u00a0\u00bb _builder_version=\u00a0\u00bb4.23.1&Prime; _module_preset=\u00a0\u00bbdefault\u00a0\u00bb global_colors_info=\u00a0\u00bb{}\u00a0\u00bb][\/webeepdf_hello_world][\/et_pb_column][\/et_pb_row][\/et_pb_section]<\/p>\n","protected":false},"excerpt":{"rendered":"<p>Explorez la page du conseil municipal \u00e0 Pont de l&rsquo;Arche, regroupant les comptes rendus des r\u00e9unions. Restez inform\u00e9 sur les d\u00e9cisions, les discussions et les actions de votre municipalit\u00e9. La transparence est \u00e0 port\u00e9e de clic pour une communaut\u00e9 inform\u00e9e et engag\u00e9e.<\/p>","protected":false},"author":1,"featured_media":0,"parent":0,"menu_order":0,"comment_status":"closed","ping_status":"closed","template":"","meta":{"_acf_changed":false,"_et_pb_use_builder":"on","_et_pb_old_content":"","_et_gb_content_width":"","inline_featured_image":false,"footnotes":""},"class_list":["post-7226","page","type-page","status-publish","hentry"],"acf":[],"yoast_head":"<!-- This site is optimized with the Yoast SEO plugin v27.5 - https:\/\/yoast.com\/product\/yoast-seo-wordpress\/ -->\n<title>Conseil Municipal - Pont de l&#039;Arche<\/title>\n<meta name=\"description\" content=\"Acc\u00e9dez aux comptes rendus des conseils municipaux de Pont de l&#039;Arche. Restez inform\u00e9 sur les d\u00e9cisions et discussions.\" \/>\n<meta name=\"robots\" content=\"index, follow, max-snippet:-1, max-image-preview:large, max-video-preview:-1\" \/>\n<link rel=\"canonical\" href=\"https:\/\/www.pontdelarche.fr\/en\/conseil-municipal2\/\" \/>\n<meta property=\"og:locale\" content=\"en_GB\" \/>\n<meta property=\"og:type\" content=\"article\" \/>\n<meta property=\"og:title\" content=\"Conseil Municipal - Pont de l&#039;Arche\" \/>\n<meta property=\"og:description\" content=\"Acc\u00e9dez aux comptes rendus des conseils municipaux de Pont de l&#039;Arche. Restez inform\u00e9 sur les d\u00e9cisions et discussions.\" \/>\n<meta property=\"og:url\" content=\"https:\/\/www.pontdelarche.fr\/en\/conseil-municipal2\/\" \/>\n<meta property=\"og:site_name\" content=\"Pont de l&#039;Arche\" \/>\n<meta property=\"article:modified_time\" content=\"2024-02-01T09:30:53+00:00\" \/>\n<meta name=\"twitter:card\" content=\"summary_large_image\" \/>\n<meta name=\"twitter:label1\" content=\"Estimated reading time\" \/>\n\t<meta name=\"twitter:data1\" content=\"1 minute\" \/>\n<script type=\"application\/ld+json\" class=\"yoast-schema-graph\">{\"@context\":\"https:\\\/\\\/schema.org\",\"@graph\":[{\"@type\":\"WebPage\",\"@id\":\"https:\\\/\\\/www.pontdelarche.fr\\\/conseil-municipal2\\\/\",\"url\":\"https:\\\/\\\/www.pontdelarche.fr\\\/conseil-municipal2\\\/\",\"name\":\"Conseil Municipal - Pont de l'Arche\",\"isPartOf\":{\"@id\":\"https:\\\/\\\/www.pontdelarche.fr\\\/#website\"},\"datePublished\":\"2023-11-15T11:17:54+00:00\",\"dateModified\":\"2024-02-01T09:30:53+00:00\",\"description\":\"Acc\u00e9dez aux comptes rendus des conseils municipaux de Pont de l'Arche. Restez inform\u00e9 sur les d\u00e9cisions et discussions.\",\"breadcrumb\":{\"@id\":\"https:\\\/\\\/www.pontdelarche.fr\\\/conseil-municipal2\\\/#breadcrumb\"},\"inLanguage\":\"en-GB\",\"potentialAction\":[{\"@type\":\"ReadAction\",\"target\":[\"https:\\\/\\\/www.pontdelarche.fr\\\/conseil-municipal2\\\/\"]}]},{\"@type\":\"BreadcrumbList\",\"@id\":\"https:\\\/\\\/www.pontdelarche.fr\\\/conseil-municipal2\\\/#breadcrumb\",\"itemListElement\":[{\"@type\":\"ListItem\",\"position\":1,\"name\":\"Accueil\",\"item\":\"https:\\\/\\\/www.pontdelarche.fr\\\/\"},{\"@type\":\"ListItem\",\"position\":2,\"name\":\"Conseil Municipal\"}]},{\"@type\":\"WebSite\",\"@id\":\"https:\\\/\\\/www.pontdelarche.fr\\\/#website\",\"url\":\"https:\\\/\\\/www.pontdelarche.fr\\\/\",\"name\":\"Pont-de-l'Arche\",\"description\":\"\",\"publisher\":{\"@id\":\"https:\\\/\\\/www.pontdelarche.fr\\\/#organization\"},\"potentialAction\":[{\"@type\":\"SearchAction\",\"target\":{\"@type\":\"EntryPoint\",\"urlTemplate\":\"https:\\\/\\\/www.pontdelarche.fr\\\/?s={search_term_string}\"},\"query-input\":{\"@type\":\"PropertyValueSpecification\",\"valueRequired\":true,\"valueName\":\"search_term_string\"}}],\"inLanguage\":\"en-GB\"},{\"@type\":\"Organization\",\"@id\":\"https:\\\/\\\/www.pontdelarche.fr\\\/#organization\",\"name\":\"Pont-de-l'Arche\",\"url\":\"https:\\\/\\\/www.pontdelarche.fr\\\/\",\"logo\":{\"@type\":\"ImageObject\",\"inLanguage\":\"en-GB\",\"@id\":\"https:\\\/\\\/www.pontdelarche.fr\\\/#\\\/schema\\\/logo\\\/image\\\/\",\"url\":\"https:\\\/\\\/www.pontdelarche.fr\\\/wp-content\\\/uploads\\\/2023\\\/05\\\/pdla_logo.png\",\"contentUrl\":\"https:\\\/\\\/www.pontdelarche.fr\\\/wp-content\\\/uploads\\\/2023\\\/05\\\/pdla_logo.png\",\"width\":1000,\"height\":250,\"caption\":\"Pont-de-l'Arche\"},\"image\":{\"@id\":\"https:\\\/\\\/www.pontdelarche.fr\\\/#\\\/schema\\\/logo\\\/image\\\/\"}}]}<\/script>\n<!-- \/ Yoast SEO plugin. -->","yoast_head_json":{"title":"Conseil Municipal - Pont de l'Arche","description":"Acc\u00e9dez aux comptes rendus des conseils municipaux de Pont de l'Arche. Restez inform\u00e9 sur les d\u00e9cisions et discussions.","robots":{"index":"index","follow":"follow","max-snippet":"max-snippet:-1","max-image-preview":"max-image-preview:large","max-video-preview":"max-video-preview:-1"},"canonical":"https:\/\/www.pontdelarche.fr\/en\/conseil-municipal2\/","og_locale":"en_GB","og_type":"article","og_title":"Conseil Municipal - Pont de l'Arche","og_description":"Acc\u00e9dez aux comptes rendus des conseils municipaux de Pont de l'Arche. Restez inform\u00e9 sur les d\u00e9cisions et discussions.","og_url":"https:\/\/www.pontdelarche.fr\/en\/conseil-municipal2\/","og_site_name":"Pont de l&#039;Arche","article_modified_time":"2024-02-01T09:30:53+00:00","twitter_card":"summary_large_image","twitter_misc":{"Estimated reading time":"1 minute"},"schema":{"@context":"https:\/\/schema.org","@graph":[{"@type":"WebPage","@id":"https:\/\/www.pontdelarche.fr\/conseil-municipal2\/","url":"https:\/\/www.pontdelarche.fr\/conseil-municipal2\/","name":"Conseil Municipal - Pont de l'Arche","isPartOf":{"@id":"https:\/\/www.pontdelarche.fr\/#website"},"datePublished":"2023-11-15T11:17:54+00:00","dateModified":"2024-02-01T09:30:53+00:00","description":"Acc\u00e9dez aux comptes rendus des conseils municipaux de Pont de l'Arche. Restez inform\u00e9 sur les d\u00e9cisions et discussions.","breadcrumb":{"@id":"https:\/\/www.pontdelarche.fr\/conseil-municipal2\/#breadcrumb"},"inLanguage":"en-GB","potentialAction":[{"@type":"ReadAction","target":["https:\/\/www.pontdelarche.fr\/conseil-municipal2\/"]}]},{"@type":"BreadcrumbList","@id":"https:\/\/www.pontdelarche.fr\/conseil-municipal2\/#breadcrumb","itemListElement":[{"@type":"ListItem","position":1,"name":"Accueil","item":"https:\/\/www.pontdelarche.fr\/"},{"@type":"ListItem","position":2,"name":"Conseil Municipal"}]},{"@type":"WebSite","@id":"https:\/\/www.pontdelarche.fr\/#website","url":"https:\/\/www.pontdelarche.fr\/","name":"Pont-de-l'Arche","description":"","publisher":{"@id":"https:\/\/www.pontdelarche.fr\/#organization"},"potentialAction":[{"@type":"SearchAction","target":{"@type":"EntryPoint","urlTemplate":"https:\/\/www.pontdelarche.fr\/?s={search_term_string}"},"query-input":{"@type":"PropertyValueSpecification","valueRequired":true,"valueName":"search_term_string"}}],"inLanguage":"en-GB"},{"@type":"Organization","@id":"https:\/\/www.pontdelarche.fr\/#organization","name":"Pont-de-l'Arche","url":"https:\/\/www.pontdelarche.fr\/","logo":{"@type":"ImageObject","inLanguage":"en-GB","@id":"https:\/\/www.pontdelarche.fr\/#\/schema\/logo\/image\/","url":"https:\/\/www.pontdelarche.fr\/wp-content\/uploads\/2023\/05\/pdla_logo.png","contentUrl":"https:\/\/www.pontdelarche.fr\/wp-content\/uploads\/2023\/05\/pdla_logo.png","width":1000,"height":250,"caption":"Pont-de-l'Arche"},"image":{"@id":"https:\/\/www.pontdelarche.fr\/#\/schema\/logo\/image\/"}}]}},"_links":{"self":[{"href":"https:\/\/www.pontdelarche.fr\/en\/wp-json\/wp\/v2\/pages\/7226","targetHints":{"allow":["GET"]}}],"collection":[{"href":"https:\/\/www.pontdelarche.fr\/en\/wp-json\/wp\/v2\/pages"}],"about":[{"href":"https:\/\/www.pontdelarche.fr\/en\/wp-json\/wp\/v2\/types\/page"}],"author":[{"embeddable":true,"href":"https:\/\/www.pontdelarche.fr\/en\/wp-json\/wp\/v2\/users\/1"}],"replies":[{"embeddable":true,"href":"https:\/\/www.pontdelarche.fr\/en\/wp-json\/wp\/v2\/comments?post=7226"}],"version-history":[{"count":13,"href":"https:\/\/www.pontdelarche.fr\/en\/wp-json\/wp\/v2\/pages\/7226\/revisions"}],"predecessor-version":[{"id":9116,"href":"https:\/\/www.pontdelarche.fr\/en\/wp-json\/wp\/v2\/pages\/7226\/revisions\/9116"}],"wp:attachment":[{"href":"https:\/\/www.pontdelarche.fr\/en\/wp-json\/wp\/v2\/media?parent=7226"}],"curies":[{"name":"wp","href":"https:\/\/api.w.org\/{rel}","templated":true}]}}